{"id":134,"date":"2013-02-27T00:37:29","date_gmt":"2013-02-26T23:37:29","guid":{"rendered":"http:\/\/sandrinedelage.com\/?page_id=134"},"modified":"2025-09-20T18:22:14","modified_gmt":"2025-09-20T17:22:14","slug":"a-propos","status":"publish","type":"page","link":"https:\/\/sandrinedelage.com\/?page_id=134","title":{"rendered":"EXPOSITIONS"},"content":{"rendered":"\n<div class=\"wp-block-columns is-layout-flex wp-container-core-columns-is-layout-28f84493 wp-block-columns-is-layout-flex\">\n<div class=\"wp-block-column is-layout-flow wp-block-column-is-layout-flow\">\n<div class=\"wp-block-group alignfull has-white-background-color has-background has-global-padding is-layout-constrained wp-container-core-group-is-layout-881565dc wp-block-group-is-layout-constrained\" style=\"padding-top:6vw;padding-right:6vw;padding-bottom:6vw;padding-left:6vw\">\n<div class=\"wp-block-group alignwide is-vertical is-nowrap is-layout-flex wp-container-core-group-is-layout-7946b6b8 wp-block-group-is-layout-flex\" style=\"padding-top:0;padding-right:0;padding-bottom:0;padding-left:0\">\n<div class=\"wp-block-columns alignwide is-layout-flex wp-container-core-columns-is-layout-21b20327 wp-block-columns-is-layout-flex\">\n<div class=\"wp-block-column is-layout-flow wp-block-column-is-layout-flow\" style=\"flex-basis:50%\">\n<p>Mon travail est r\u00e9guli\u00e8rement pr\u00e9sent\u00e9 en festivals et dans le cadre d\u2019\u00e9v\u00e9nements priv\u00e9s, organis\u00e9s par des entreprises partenaires qui souhaitent :<\/p>\n\n\n\n<p><strong>Performer le m\u00e9c\u00e9nat<\/strong>&nbsp;comme vecteur d\u2019innovation, curiosit\u00e9, ouverture intellectuelle, nouveaux horizons<\/p>\n\n\n\n<p><br><strong>Positionner leurs valeurs RH<\/strong>&nbsp;via l\u2019environnement de travail : cr\u00e9ativit\u00e9, audace, excellence, r\u00e9flexion et observation<\/p>\n<\/div>\n\n\n\n<div class=\"wp-block-column is-layout-flow wp-block-column-is-layout-flow\"><\/div>\n\n\n\n<div class=\"wp-block-column is-layout-flow wp-block-column-is-layout-flow\" style=\"flex-basis:50%\">\n<figure class=\"wp-block-image alignleft size-full is-resized\"><img loading=\"lazy\" decoding=\"async\" width=\"998\" height=\"815\" src=\"https:\/\/sandrinedelage.com\/wp-content\/uploads\/2023\/10\/expo1-1.jpeg\" alt=\". .\" class=\"wp-image-305436\" style=\"width:334px;height:auto\" srcset=\"https:\/\/sandrinedelage.com\/wp-content\/uploads\/2023\/10\/expo1-1.jpeg 998w, https:\/\/sandrinedelage.com\/wp-content\/uploads\/2023\/10\/expo1-1-600x490.jpeg 600w, https:\/\/sandrinedelage.com\/wp-content\/uploads\/2023\/10\/expo1-1-768x627.jpeg 768w, https:\/\/sandrinedelage.com\/wp-content\/uploads\/2023\/10\/expo1-1-690x563.jpeg 690w, https:\/\/sandrinedelage.com\/wp-content\/uploads\/2023\/10\/expo1-1-980x800.jpeg 980w\" sizes=\"auto, (max-width: 998px) 100vw, 998px\" \/><\/figure>\n<\/div>\n<\/div>\n\n\n\n<div class=\"wp-block-columns alignwide is-layout-flex wp-container-core-columns-is-layout-c24efe4f wp-block-columns-is-layout-flex\">\n<div class=\"wp-block-column is-layout-flow wp-block-column-is-layout-flow\" style=\"flex-basis:69%\">\n<figure class=\"wp-block-image size-full\"><img loading=\"lazy\" decoding=\"async\" width=\"1000\" height=\"642\" src=\"https:\/\/sandrinedelage.com\/wp-content\/uploads\/2017\/04\/893006_394901293941847_1347227677_o.jpg\" alt=\"\" class=\"wp-image-305277\" srcset=\"https:\/\/sandrinedelage.com\/wp-content\/uploads\/2017\/04\/893006_394901293941847_1347227677_o.jpg 1000w, https:\/\/sandrinedelage.com\/wp-content\/uploads\/2017\/04\/893006_394901293941847_1347227677_o-600x385.jpg 600w, https:\/\/sandrinedelage.com\/wp-content\/uploads\/2017\/04\/893006_394901293941847_1347227677_o-768x493.jpg 768w, https:\/\/sandrinedelage.com\/wp-content\/uploads\/2017\/04\/893006_394901293941847_1347227677_o-690x443.jpg 690w, https:\/\/sandrinedelage.com\/wp-content\/uploads\/2017\/04\/893006_394901293941847_1347227677_o-980x629.jpg 980w\" sizes=\"auto, (max-width: 1000px) 100vw, 1000px\" \/><\/figure>\n<\/div>\n\n\n\n<div class=\"wp-block-column is-vertically-aligned-center is-layout-flow wp-block-column-is-layout-flow\" style=\"flex-basis:33%\">\n<p>D\u00e9velopper une&nbsp;<strong>strat\u00e9gie de diff\u00e9renciation<\/strong>&nbsp;de l\u2019entreprise en exposant des tirages d\u2019art<\/p>\n\n\n\n<p><strong>Communiquer&nbsp;<\/strong>avec les&nbsp;clients autour d\u2019un vernissage<\/p>\n<\/div>\n<\/div>\n<\/div>\n\n\n\n<p><strong>Faire entrer l\u2019art dans des&nbsp;r\u00e9alisations immobili\u00e8res<\/strong>&nbsp;: <br>Positionnement haut de gamme ; Sujets vari\u00e9s, qui s\u2019adaptent facilement \u00e0 la&nbsp;ligne marketing ; Multiples propositions de supports et de tailles, qui s\u2019int\u00e8grent \u00e0&nbsp;toutes conceptions ; R\u00e9versibilit\u00e9 des installations<\/p>\n<\/div>\n\n\n\n<p><strong>Octobre 2025<\/strong> &#8211; Office 18 &#8211; office notarial Amiens (86)<\/p>\n\n\n\n<p><strong>Juin \u00e0 Septembre 2025 <\/strong>&#8211; Festival Chemins de Photos &#8211; Communaut\u00e9 de Communes Castelnaudary Lauragais Audois (11)<\/p>\n\n\n\n<p><strong>D\u00e9cembre 2024<\/strong> <strong>\u00e0 F\u00e9vrier 2025<\/strong> &#8211; Restaurant Querelle &#8211; Amiens (86)<\/p>\n\n\n\n<p><strong>2024<\/strong> &#8211; Festival les Images de Blanche &#8211; Clo\u00eetre Dewailly &#8211; Amiens (86)<\/p>\n\n\n\n<p><strong>2023<\/strong> &#8211; Mairie de Castelnaudary (11)<\/p>\n\n\n\n<p><strong>2021<\/strong> &#8211; Festival Photos Fumel (47)<\/p>\n\n\n\n<p><strong>2018<\/strong><\/p>\n\n\n\n<p>Festival Chemins de Photos &#8211; Pays de Mirepoix (11)<\/p>\n\n\n\n<p>Festival Regards \u00e0 Alen\u00e7on (61)<\/p>\n\n\n\n<p><strong>2017<\/strong> &#8211; Festival Art&rsquo;ifice \u00e0 Mongeron (91)<\/p>\n\n\n\n<p><strong>2016<\/strong><\/p>\n\n\n\n<p>Espace 130 &#8211; 130 Faubourg Poissonni\u00e8re &#8211; Paris 10e<\/p>\n\n\n\n<p>Icade Store \u00e0 Aubervilliers (93)<\/p>\n\n\n\n<p>Festival Emoi Photographique \u00e0&nbsp;Angoul\u00eame (16)<\/p>\n\n\n\n<p><strong>2015<\/strong><\/p>\n\n\n\n<p>Projection aux Nuits de Pierrevert (04)<\/p>\n\n\n\n<p>Exposition Portrait(s) \u00e0 Vichy (03)<\/p>\n\n\n\n<p>Salon du Livre de Gen\u00e8ve<\/p>\n\n\n\n<p><strong>2014<\/strong><\/p>\n\n\n\n<p>Festival International de Montier en Der (52)<\/p>\n\n\n\n<p>Confrontations Photo Gex (01)<\/p>\n\n\n\n<p>Festival de la Gacilly (56) &#8211; images projet\u00e9es<\/p>\n\n\n\n<p>Gulf Photo Plus &#8211; Duba\u00ef<\/p>\n\n\n\n<p>Salon International de Riedisheim<\/p>\n\n\n\n<p><strong>2013<\/strong><\/p>\n\n\n\n<p>Galerie Photo Originale &#8211; Paris 1er<\/p>\n\n\n\n<p>Millesime Gallery &#8211; Paris 7e<\/p>\n\n\n\n<p><strong>2012<\/strong> &#8211; Salon de la Photo &#8211; Paris 15e<\/p>\n<\/div>\n<\/div>\n","protected":false},"excerpt":{"rendered":"<p>Mon travail est r\u00e9guli\u00e8rement pr\u00e9sent\u00e9 en festivals et dans le cadre d\u2019\u00e9v\u00e9nements priv\u00e9s, organis\u00e9s par des entreprises partenaires qui souhaitent : Performer le m\u00e9c\u00e9nat&nbsp;comme vecteur d\u2019innovation, curiosit\u00e9, ouverture intellectuelle, nouveaux horizons Positionner leurs valeurs RH&nbsp;via l\u2019environnement de travail : cr\u00e9ativit\u00e9, audace, excellence, r\u00e9flexion et observation D\u00e9velopper une&nbsp;strat\u00e9gie de diff\u00e9renciation&nbsp;de l\u2019entreprise en exposant des tirages d\u2019art [&hellip;]<\/p>\n","protected":false},"author":1,"featured_media":0,"parent":0,"menu_order":0,"comment_status":"open","ping_status":"closed","template":"","meta":{"footnotes":""},"class_list":["post-134","page","type-page","status-publish","hentry"],"_links":{"self":[{"href":"https:\/\/sandrinedelage.com\/index.php?rest_route=\/wp\/v2\/pages\/134","targetHints":{"allow":["GET"]}}],"collection":[{"href":"https:\/\/sandrinedelage.com\/index.php?rest_route=\/wp\/v2\/pages"}],"about":[{"href":"https:\/\/sandrinedelage.com\/index.php?rest_route=\/wp\/v2\/types\/page"}],"author":[{"embeddable":true,"href":"https:\/\/sandrinedelage.com\/index.php?rest_route=\/wp\/v2\/users\/1"}],"replies":[{"embeddable":true,"href":"https:\/\/sandrinedelage.com\/index.php?rest_route=%2Fwp%2Fv2%2Fcomments&post=134"}],"version-history":[{"count":111,"href":"https:\/\/sandrinedelage.com\/index.php?rest_route=\/wp\/v2\/pages\/134\/revisions"}],"predecessor-version":[{"id":305940,"href":"https:\/\/sandrinedelage.com\/index.php?rest_route=\/wp\/v2\/pages\/134\/revisions\/305940"}],"wp:attachment":[{"href":"https:\/\/sandrinedelage.com\/index.php?rest_route=%2Fwp%2Fv2%2Fmedia&parent=134"}],"curies":[{"name":"wp","href":"https:\/\/api.w.org\/{rel}","templated":true}]}}