{"id":303661,"date":"2023-10-03T10:07:28","date_gmt":"2023-10-03T09:07:28","guid":{"rendered":"http:\/\/sandrinedelage.com\/?page_id=303661"},"modified":"2024-11-19T22:44:49","modified_gmt":"2024-11-19T21:44:49","slug":"parvies","status":"publish","type":"page","link":"https:\/\/sandrinedelage.com\/?page_id=303661","title":{"rendered":"PARVI(E)S"},"content":{"rendered":"\n<div class=\"wp-block-columns is-layout-flex wp-container-core-columns-is-layout-28f84493 wp-block-columns-is-layout-flex\">\n<div class=\"wp-block-column is-layout-flow wp-block-column-is-layout-flow\" style=\"flex-basis:20%\"><\/div>\n\n\n\n<div class=\"wp-block-column is-layout-flow wp-block-column-is-layout-flow\" style=\"flex-basis:66.66%\">\n<p>Depuis pr\u00e8s de 45 ans, s&rsquo;\u00e9rige le Centre Pompidou au c\u0153ur de la capitale fran\u00e7aise.<br>Aujourd\u2019hui consid\u00e9r\u00e9 comme un des b\u00e2timents embl\u00e9matiques du XXe si\u00e8cle et adopt\u00e9 par les Parisiens, le b\u00e2timent de Piano et Rogers, souvent compar\u00e9 par ses d\u00e9tracteurs \u00e0 une raffinerie de p\u00e9trole, suscite, tout au long des ann\u00e9es 1970, une \u00e9norme pol\u00e9mique.<br>A ses pieds, la piazza, le parvis, l&rsquo;esplanade, la place Georges Pompidou occupe 11000 m\u00b2 soient l&rsquo;\u00e9quivalent de deux terrains de football.<\/p>\n\n\n\n<p>Le Parvis, v\u00e9ritable th\u00e9\u00e2tre vivant de nos \u00e9motions, se d\u00e9voile tour \u00e0 tour comme un espace de manifestations vibrantes et de d\u00e9bats enflamm\u00e9s. C&rsquo;est ici que les saltimbanques partagent leur \u00e2me, que les \u0153uvres d&rsquo;art monumentales, \u00e9blouissantes, attirent le regard et captivent les c\u0153urs. Ce lieu, aussi bien rendez-vous des \u00e2mes en qu\u00eate que passage pour les vagabonds, aire de pique-nique o\u00f9 l\u2019on savoure la douceur de vivre, et refuge pour les esprits en qu\u00eate de repos ou de jeux, dessine les contours de nos existences.<br>Chaque pav\u00e9, chaque coin de cette esplanade palpite d&rsquo;une animation incessante, vibrant au rythme de nos pas. Au fil des instants, le Parvis devient le miroir de nos joies, de nos l\u00e2cher-prise et de nos aspirations. Ensemble ou s\u00e9par\u00e9ment, des sc\u00e9nettes s&rsquo;y jouent, parfois invisibles aux indiff\u00e9rents, mais toujours empreintes de passion pour ceux qui prennent le temps de les observer.<\/p>\n\n\n\n<p>L&rsquo;interaction envo\u00fbtante avec la lumi\u00e8re, les ombres dansantes, le ballet gracieux des pigeons et l&rsquo;omnipr\u00e9sence captivante du pavage, avec son graphisme audacieux, transforment l&rsquo;objet Parvi(e)s en l&rsquo;\u00e9l\u00e9ment incontournable de la prise de vue. C&rsquo;est l\u00e0, \u00e0 cet endroit pr\u00e9cis, que chaque regard permet une d\u00e9couverte.<\/p>\n<\/div>\n<\/div>\n\n\n\n<p><\/p>\n\n\n\n<div class=\"wp-block-jetpack-tiled-gallery aligncenter is-style-rectangular has-rounded-corners-5\"><div class=\"tiled-gallery__gallery\"><div class=\"tiled-gallery__row\"><div class=\"tiled-gallery__col\" style=\"flex-basis:66.60334%\"><figure class=\"tiled-gallery__item\"><img decoding=\"async\" alt=\"\" data-height=\"750\" data-id=\"305259\" data-link=\"https:\/\/sandrinedelage.com\/?attachment_id=305259\" data-url=\"https:\/\/sandrinedelage.com\/wp-content\/uploads\/2021\/04\/Parvies-19.jpg\" data-width=\"1000\" src=\"https:\/\/i0.wp.com\/sandrinedelage.com\/wp-content\/uploads\/2021\/04\/Parvies-19.jpg?ssl=1\" data-amp-layout=\"responsive\"\/><\/figure><\/div><div class=\"tiled-gallery__col\" style=\"flex-basis:33.39666%\"><figure class=\"tiled-gallery__item\"><img decoding=\"async\" alt=\"\" data-height=\"1000\" data-id=\"305258\" data-link=\"https:\/\/sandrinedelage.com\/?attachment_id=305258\" data-url=\"https:\/\/sandrinedelage.com\/wp-content\/uploads\/2021\/04\/Parvies-18.jpg\" data-width=\"667\" src=\"https:\/\/i2.wp.com\/sandrinedelage.com\/wp-content\/uploads\/2021\/04\/Parvies-18.jpg?ssl=1\" data-amp-layout=\"responsive\"\/><\/figure><\/div><\/div><div class=\"tiled-gallery__row\"><div class=\"tiled-gallery__col\" style=\"flex-basis:29.79714%\"><figure class=\"tiled-gallery__item\"><img decoding=\"async\" alt=\"\" data-height=\"667\" data-id=\"305257\" data-link=\"https:\/\/sandrinedelage.com\/?attachment_id=305257\" data-url=\"https:\/\/sandrinedelage.com\/wp-content\/uploads\/2021\/04\/Parvies-17.jpg\" data-width=\"1000\" src=\"https:\/\/i2.wp.com\/sandrinedelage.com\/wp-content\/uploads\/2021\/04\/Parvies-17.jpg?ssl=1\" data-amp-layout=\"responsive\"\/><\/figure><figure class=\"tiled-gallery__item\"><img decoding=\"async\" alt=\"\" data-height=\"667\" data-id=\"305256\" data-link=\"https:\/\/sandrinedelage.com\/?attachment_id=305256\" data-url=\"https:\/\/sandrinedelage.com\/wp-content\/uploads\/2021\/04\/Parvies-16.jpg\" data-width=\"1000\" src=\"https:\/\/i2.wp.com\/sandrinedelage.com\/wp-content\/uploads\/2021\/04\/Parvies-16.jpg?ssl=1\" data-amp-layout=\"responsive\"\/><\/figure><figure class=\"tiled-gallery__item\"><img decoding=\"async\" alt=\"\" data-height=\"667\" data-id=\"305255\" data-link=\"https:\/\/sandrinedelage.com\/?attachment_id=305255\" data-url=\"https:\/\/sandrinedelage.com\/wp-content\/uploads\/2021\/04\/Parvies-15.jpg\" data-width=\"1000\" src=\"https:\/\/i1.wp.com\/sandrinedelage.com\/wp-content\/uploads\/2021\/04\/Parvies-15.jpg?ssl=1\" data-amp-layout=\"responsive\"\/><\/figure><\/div><div class=\"tiled-gallery__col\" style=\"flex-basis:40.40571%\"><figure class=\"tiled-gallery__item\"><img decoding=\"async\" alt=\"\" data-height=\"1000\" data-id=\"305254\" data-link=\"https:\/\/sandrinedelage.com\/?attachment_id=305254\" data-url=\"https:\/\/sandrinedelage.com\/wp-content\/uploads\/2021\/04\/Parvies-14-e1618058017962.jpg\" data-width=\"667\" src=\"https:\/\/i0.wp.com\/sandrinedelage.com\/wp-content\/uploads\/2021\/04\/Parvies-14-e1618058017962.jpg?ssl=1\" data-amp-layout=\"responsive\"\/><\/figure><\/div><div class=\"tiled-gallery__col\" style=\"flex-basis:29.79714%\"><figure class=\"tiled-gallery__item\"><img decoding=\"async\" alt=\"\" data-height=\"667\" data-id=\"305253\" data-link=\"https:\/\/sandrinedelage.com\/?attachment_id=305253\" data-url=\"https:\/\/sandrinedelage.com\/wp-content\/uploads\/2021\/04\/Parvies-13.jpg\" data-width=\"1000\" src=\"https:\/\/i0.wp.com\/sandrinedelage.com\/wp-content\/uploads\/2021\/04\/Parvies-13.jpg?ssl=1\" data-amp-layout=\"responsive\"\/><\/figure><figure class=\"tiled-gallery__item\"><img decoding=\"async\" alt=\"\" data-height=\"667\" data-id=\"305252\" data-link=\"https:\/\/sandrinedelage.com\/?attachment_id=305252\" data-url=\"https:\/\/sandrinedelage.com\/wp-content\/uploads\/2021\/04\/Parvies-12.jpg\" data-width=\"1000\" src=\"https:\/\/i0.wp.com\/sandrinedelage.com\/wp-content\/uploads\/2021\/04\/Parvies-12.jpg?ssl=1\" data-amp-layout=\"responsive\"\/><\/figure><figure class=\"tiled-gallery__item\"><img decoding=\"async\" alt=\"\" data-height=\"667\" data-id=\"305251\" data-link=\"https:\/\/sandrinedelage.com\/?attachment_id=305251\" data-url=\"https:\/\/sandrinedelage.com\/wp-content\/uploads\/2021\/04\/Parvies-11.jpg\" data-width=\"1000\" src=\"https:\/\/i0.wp.com\/sandrinedelage.com\/wp-content\/uploads\/2021\/04\/Parvies-11.jpg?ssl=1\" data-amp-layout=\"responsive\"\/><\/figure><\/div><\/div><div class=\"tiled-gallery__row\"><div class=\"tiled-gallery__col\" style=\"flex-basis:66.82333%\"><figure class=\"tiled-gallery__item\"><img decoding=\"async\" alt=\"\" data-height=\"667\" data-id=\"305250\" data-link=\"https:\/\/sandrinedelage.com\/?attachment_id=305250\" data-url=\"https:\/\/sandrinedelage.com\/wp-content\/uploads\/2021\/04\/Parvies-10.jpg\" data-width=\"1000\" src=\"https:\/\/i0.wp.com\/sandrinedelage.com\/wp-content\/uploads\/2021\/04\/Parvies-10.jpg?ssl=1\" data-amp-layout=\"responsive\"\/><\/figure><\/div><div class=\"tiled-gallery__col\" style=\"flex-basis:33.17667%\"><figure class=\"tiled-gallery__item\"><img decoding=\"async\" alt=\"\" data-height=\"667\" data-id=\"305248\" data-link=\"https:\/\/sandrinedelage.com\/?attachment_id=305248\" data-url=\"https:\/\/sandrinedelage.com\/wp-content\/uploads\/2021\/04\/Parvies-8.jpg\" data-width=\"1000\" src=\"https:\/\/i1.wp.com\/sandrinedelage.com\/wp-content\/uploads\/2021\/04\/Parvies-8.jpg?ssl=1\" data-amp-layout=\"responsive\"\/><\/figure><figure class=\"tiled-gallery__item\"><img decoding=\"async\" alt=\"\" data-height=\"667\" data-id=\"305247\" data-link=\"https:\/\/sandrinedelage.com\/?attachment_id=305247\" data-url=\"https:\/\/sandrinedelage.com\/wp-content\/uploads\/2021\/04\/Parvies-7.jpg\" data-width=\"1000\" src=\"https:\/\/i0.wp.com\/sandrinedelage.com\/wp-content\/uploads\/2021\/04\/Parvies-7.jpg?ssl=1\" data-amp-layout=\"responsive\"\/><\/figure><\/div><\/div><div class=\"tiled-gallery__row\"><div class=\"tiled-gallery__col\" style=\"flex-basis:69.14425%\"><figure class=\"tiled-gallery__item\"><img decoding=\"async\" alt=\"\" data-height=\"667\" data-id=\"305246\" data-link=\"https:\/\/sandrinedelage.com\/?attachment_id=305246\" data-url=\"https:\/\/sandrinedelage.com\/wp-content\/uploads\/2021\/04\/Parvies-6.jpg\" data-width=\"1000\" src=\"https:\/\/i2.wp.com\/sandrinedelage.com\/wp-content\/uploads\/2021\/04\/Parvies-6.jpg?ssl=1\" data-amp-layout=\"responsive\"\/><\/figure><\/div><div class=\"tiled-gallery__col\" style=\"flex-basis:30.85575%\"><figure class=\"tiled-gallery__item\"><img decoding=\"async\" alt=\"\" data-height=\"1000\" data-id=\"305245\" data-link=\"https:\/\/sandrinedelage.com\/?attachment_id=305245\" data-url=\"https:\/\/sandrinedelage.com\/wp-content\/uploads\/2021\/04\/Parvies-5.jpg\" data-width=\"667\" src=\"https:\/\/i0.wp.com\/sandrinedelage.com\/wp-content\/uploads\/2021\/04\/Parvies-5.jpg?ssl=1\" data-amp-layout=\"responsive\"\/><\/figure><\/div><\/div><div class=\"tiled-gallery__row\"><div class=\"tiled-gallery__col\" style=\"flex-basis:57.45633%\"><figure class=\"tiled-gallery__item\"><img decoding=\"async\" alt=\"\" data-height=\"1000\" data-id=\"305242\" data-link=\"https:\/\/sandrinedelage.com\/?attachment_id=305242\" data-url=\"https:\/\/sandrinedelage.com\/wp-content\/uploads\/2021\/04\/Parvies-2.jpg\" data-width=\"667\" src=\"https:\/\/i0.wp.com\/sandrinedelage.com\/wp-content\/uploads\/2021\/04\/Parvies-2.jpg?ssl=1\" data-amp-layout=\"responsive\"\/><\/figure><\/div><div class=\"tiled-gallery__col\" style=\"flex-basis:42.54367%\"><figure class=\"tiled-gallery__item\"><img decoding=\"async\" alt=\"\" data-height=\"667\" data-id=\"305243\" data-link=\"https:\/\/sandrinedelage.com\/?attachment_id=305243\" data-url=\"https:\/\/sandrinedelage.com\/wp-content\/uploads\/2021\/04\/Parvies-3.jpg\" data-width=\"1000\" src=\"https:\/\/i0.wp.com\/sandrinedelage.com\/wp-content\/uploads\/2021\/04\/Parvies-3.jpg?ssl=1\" data-amp-layout=\"responsive\"\/><\/figure><figure class=\"tiled-gallery__item\"><img decoding=\"async\" alt=\"\" data-height=\"667\" data-id=\"305241\" data-link=\"https:\/\/sandrinedelage.com\/?attachment_id=305241\" data-url=\"https:\/\/sandrinedelage.com\/wp-content\/uploads\/2021\/04\/Parvies-1.jpg\" data-width=\"1000\" src=\"https:\/\/i2.wp.com\/sandrinedelage.com\/wp-content\/uploads\/2021\/04\/Parvies-1.jpg?ssl=1\" data-amp-layout=\"responsive\"\/><\/figure><figure class=\"tiled-gallery__item\"><img decoding=\"async\" alt=\"\" data-height=\"667\" data-id=\"305240\" data-link=\"https:\/\/sandrinedelage.com\/?attachment_id=305240\" data-url=\"https:\/\/sandrinedelage.com\/wp-content\/uploads\/2021\/04\/Parvies-0.jpg\" data-width=\"1000\" src=\"https:\/\/i0.wp.com\/sandrinedelage.com\/wp-content\/uploads\/2021\/04\/Parvies-0.jpg?ssl=1\" data-amp-layout=\"responsive\"\/><\/figure><\/div><\/div><div class=\"tiled-gallery__row\"><div class=\"tiled-gallery__col\" style=\"flex-basis:100.00000%\"><figure class=\"tiled-gallery__item\"><img decoding=\"async\" alt=\"\" data-height=\"653\" data-id=\"305771\" data-link=\"https:\/\/sandrinedelage.com\/?attachment_id=305771\" data-url=\"https:\/\/sandrinedelage.com\/wp-content\/uploads\/2024\/11\/Capture.jpg\" data-width=\"975\" src=\"https:\/\/i2.wp.com\/sandrinedelage.com\/wp-content\/uploads\/2024\/11\/Capture.jpg?ssl=1\" data-amp-layout=\"responsive\"\/><\/figure><\/div><\/div><\/div><\/div>\n","protected":false},"excerpt":{"rendered":"<p>Depuis pr\u00e8s de 45 ans, s&rsquo;\u00e9rige le Centre Pompidou au c\u0153ur de la capitale fran\u00e7aise.Aujourd\u2019hui consid\u00e9r\u00e9 comme un des b\u00e2timents embl\u00e9matiques du XXe si\u00e8cle et adopt\u00e9 par les Parisiens, le b\u00e2timent de Piano et Rogers, souvent compar\u00e9 par ses d\u00e9tracteurs \u00e0 une raffinerie de p\u00e9trole, suscite, tout au long des ann\u00e9es 1970, une \u00e9norme pol\u00e9mique.A [&hellip;]<\/p>\n","protected":false},"author":1,"featured_media":0,"parent":0,"menu_order":0,"comment_status":"closed","ping_status":"closed","template":"","meta":{"footnotes":""},"class_list":["post-303661","page","type-page","status-publish","hentry"],"_links":{"self":[{"href":"https:\/\/sandrinedelage.com\/index.php?rest_route=\/wp\/v2\/pages\/303661","targetHints":{"allow":["GET"]}}],"collection":[{"href":"https:\/\/sandrinedelage.com\/index.php?rest_route=\/wp\/v2\/pages"}],"about":[{"href":"https:\/\/sandrinedelage.com\/index.php?rest_route=\/wp\/v2\/types\/page"}],"author":[{"embeddable":true,"href":"https:\/\/sandrinedelage.com\/index.php?rest_route=\/wp\/v2\/users\/1"}],"replies":[{"embeddable":true,"href":"https:\/\/sandrinedelage.com\/index.php?rest_route=%2Fwp%2Fv2%2Fcomments&post=303661"}],"version-history":[{"count":8,"href":"https:\/\/sandrinedelage.com\/index.php?rest_route=\/wp\/v2\/pages\/303661\/revisions"}],"predecessor-version":[{"id":305774,"href":"https:\/\/sandrinedelage.com\/index.php?rest_route=\/wp\/v2\/pages\/303661\/revisions\/305774"}],"wp:attachment":[{"href":"https:\/\/sandrinedelage.com\/index.php?rest_route=%2Fwp%2Fv2%2Fmedia&parent=303661"}],"curies":[{"name":"wp","href":"https:\/\/api.w.org\/{rel}","templated":true}]}}