{"id":305416,"date":"2023-10-03T10:02:07","date_gmt":"2023-10-03T09:02:07","guid":{"rendered":"http:\/\/sandrinedelage.com\/?page_id=305416"},"modified":"2023-10-03T10:02:09","modified_gmt":"2023-10-03T09:02:09","slug":"urbamoureuse","status":"publish","type":"page","link":"https:\/\/sandrinedelage.com\/?page_id=305416","title":{"rendered":"URBAMOUREUSE"},"content":{"rendered":"\n<div class=\"wp-block-columns is-layout-flex wp-container-core-columns-is-layout-28f84493 wp-block-columns-is-layout-flex\">\n<div class=\"wp-block-column is-layout-flow wp-block-column-is-layout-flow\" style=\"flex-basis:20%\"><\/div>\n\n\n\n<div class=\"wp-block-column is-layout-flow wp-block-column-is-layout-flow\" style=\"flex-basis:66.66%\">\n<p>A quoi ressemble la citadine du 21\u00e8me si\u00e8cle ?<\/p>\n\n\n\n<p>Quelle place pour une femme dans l\u2019espace public ? Press\u00e9e, seule, \u00e2g\u00e9e, accompagn\u00e9e, fugace, en attente, cavalant, virevoltant. Ses mouvements seront-ils identiques dans un lieu ferm\u00e9 ?<\/p>\n\n\n\n<p><\/p>\n\n\n\n<p>La s\u00e9rie d\u00e9voile un bout de f\u00e9minitude et laisse la trace des parfums de femme.<\/p>\n\n\n\n<p>Je contribue au quotidien \u00e0 faire les villes, mon m\u00e9tier n\u00e9cessite que je vous observe pour tenter d\u2019am\u00e9liorer votre quotidien.<br>Urbamoureuse je suis.<\/p>\n<\/div>\n<\/div>\n\n\n\n<p><\/p>\n\n\n\n<div class=\"wp-block-jetpack-tiled-gallery aligncenter is-style-rectangular has-rounded-corners-5\"><div class=\"tiled-gallery__gallery\"><div class=\"tiled-gallery__row\"><div class=\"tiled-gallery__col\" style=\"flex-basis:57.31457%\"><figure class=\"tiled-gallery__item\"><img decoding=\"async\" alt=\"\" data-height=\"512\" data-id=\"305263\" data-link=\"https:\/\/sandrinedelage.com\/?attachment_id=305263\" data-url=\"https:\/\/sandrinedelage.com\/wp-content\/uploads\/2021\/01\/cropped-URBAMOUREUSE-11.jpg\" data-width=\"512\" src=\"https:\/\/i0.wp.com\/sandrinedelage.com\/wp-content\/uploads\/2021\/01\/cropped-URBAMOUREUSE-11.jpg\" data-amp-layout=\"responsive\"\/><\/figure><\/div><div class=\"tiled-gallery__col\" style=\"flex-basis:42.68543%\"><figure class=\"tiled-gallery__item\"><img decoding=\"async\" alt=\"\" data-height=\"667\" data-id=\"305238\" data-link=\"https:\/\/sandrinedelage.com\/?attachment_id=305238\" data-url=\"https:\/\/sandrinedelage.com\/wp-content\/uploads\/2021\/01\/URBAMOUREUSE.jpg\" data-width=\"1000\" src=\"https:\/\/i0.wp.com\/sandrinedelage.com\/wp-content\/uploads\/2021\/01\/URBAMOUREUSE.jpg\" data-amp-layout=\"responsive\"\/><\/figure><figure class=\"tiled-gallery__item\"><img decoding=\"async\" alt=\"\" data-height=\"667\" data-id=\"305237\" data-link=\"https:\/\/sandrinedelage.com\/?attachment_id=305237\" data-url=\"https:\/\/sandrinedelage.com\/wp-content\/uploads\/2021\/01\/URBAMOUREUSE-18.jpg\" data-width=\"1000\" src=\"https:\/\/i1.wp.com\/sandrinedelage.com\/wp-content\/uploads\/2021\/01\/URBAMOUREUSE-18.jpg\" data-amp-layout=\"responsive\"\/><\/figure><\/div><\/div><div class=\"tiled-gallery__row\"><div class=\"tiled-gallery__col\" style=\"flex-basis:34.47778%\"><figure class=\"tiled-gallery__item\"><img decoding=\"async\" alt=\"\" data-height=\"667\" data-id=\"305236\" data-link=\"https:\/\/sandrinedelage.com\/?attachment_id=305236\" data-url=\"https:\/\/sandrinedelage.com\/wp-content\/uploads\/2021\/01\/URBAMOUREUSE-17.jpg\" data-width=\"1000\" src=\"https:\/\/i0.wp.com\/sandrinedelage.com\/wp-content\/uploads\/2021\/01\/URBAMOUREUSE-17.jpg\" data-amp-layout=\"responsive\"\/><\/figure><figure class=\"tiled-gallery__item\"><img decoding=\"async\" alt=\"\" data-height=\"667\" data-id=\"305235\" data-link=\"https:\/\/sandrinedelage.com\/?attachment_id=305235\" data-url=\"https:\/\/sandrinedelage.com\/wp-content\/uploads\/2021\/01\/URBAMOUREUSE-16.jpg\" data-width=\"1000\" src=\"https:\/\/i1.wp.com\/sandrinedelage.com\/wp-content\/uploads\/2021\/01\/URBAMOUREUSE-16.jpg\" data-amp-layout=\"responsive\"\/><\/figure><\/div><div class=\"tiled-gallery__col\" style=\"flex-basis:31.04444%\"><figure class=\"tiled-gallery__item\"><img decoding=\"async\" alt=\"\" data-height=\"1000\" data-id=\"305234\" data-link=\"https:\/\/sandrinedelage.com\/?attachment_id=305234\" data-url=\"https:\/\/sandrinedelage.com\/wp-content\/uploads\/2021\/01\/URBAMOUREUSE-15.jpg\" data-width=\"667\" src=\"https:\/\/i1.wp.com\/sandrinedelage.com\/wp-content\/uploads\/2021\/01\/URBAMOUREUSE-15.jpg\" data-amp-layout=\"responsive\"\/><\/figure><\/div><div class=\"tiled-gallery__col\" style=\"flex-basis:34.47778%\"><figure class=\"tiled-gallery__item\"><img decoding=\"async\" alt=\"\" data-height=\"667\" data-id=\"305233\" data-link=\"https:\/\/sandrinedelage.com\/?attachment_id=305233\" data-url=\"https:\/\/sandrinedelage.com\/wp-content\/uploads\/2021\/01\/URBAMOUREUSE-14.jpg\" data-width=\"1000\" src=\"https:\/\/i2.wp.com\/sandrinedelage.com\/wp-content\/uploads\/2021\/01\/URBAMOUREUSE-14.jpg\" data-amp-layout=\"responsive\"\/><\/figure><figure class=\"tiled-gallery__item\"><img decoding=\"async\" alt=\"\" data-height=\"667\" data-id=\"305232\" data-link=\"https:\/\/sandrinedelage.com\/?attachment_id=305232\" data-url=\"https:\/\/sandrinedelage.com\/wp-content\/uploads\/2021\/01\/URBAMOUREUSE-13.jpg\" data-width=\"1000\" src=\"https:\/\/i2.wp.com\/sandrinedelage.com\/wp-content\/uploads\/2021\/01\/URBAMOUREUSE-13.jpg\" data-amp-layout=\"responsive\"\/><\/figure><\/div><\/div><div class=\"tiled-gallery__row\"><div class=\"tiled-gallery__col\" style=\"flex-basis:33.33333%\"><figure class=\"tiled-gallery__item\"><img decoding=\"async\" alt=\"\" data-height=\"667\" data-id=\"305231\" data-link=\"https:\/\/sandrinedelage.com\/?attachment_id=305231\" data-url=\"https:\/\/sandrinedelage.com\/wp-content\/uploads\/2021\/01\/URBAMOUREUSE-12.jpg\" data-width=\"1000\" src=\"https:\/\/i0.wp.com\/sandrinedelage.com\/wp-content\/uploads\/2021\/01\/URBAMOUREUSE-12.jpg\" data-amp-layout=\"responsive\"\/><\/figure><\/div><div class=\"tiled-gallery__col\" style=\"flex-basis:33.33333%\"><figure class=\"tiled-gallery__item\"><img decoding=\"async\" alt=\"\" data-height=\"667\" data-id=\"305230\" data-link=\"https:\/\/sandrinedelage.com\/?attachment_id=305230\" data-url=\"https:\/\/sandrinedelage.com\/wp-content\/uploads\/2021\/01\/URBAMOUREUSE-11.jpg\" data-width=\"1000\" src=\"https:\/\/i1.wp.com\/sandrinedelage.com\/wp-content\/uploads\/2021\/01\/URBAMOUREUSE-11.jpg\" data-amp-layout=\"responsive\"\/><\/figure><\/div><div class=\"tiled-gallery__col\" style=\"flex-basis:33.33333%\"><figure class=\"tiled-gallery__item\"><img decoding=\"async\" alt=\"\" data-height=\"667\" data-id=\"305229\" data-link=\"https:\/\/sandrinedelage.com\/?attachment_id=305229\" data-url=\"https:\/\/sandrinedelage.com\/wp-content\/uploads\/2021\/01\/URBAMOUREUSE-10.jpg\" data-width=\"1000\" src=\"https:\/\/i1.wp.com\/sandrinedelage.com\/wp-content\/uploads\/2021\/01\/URBAMOUREUSE-10.jpg\" data-amp-layout=\"responsive\"\/><\/figure><\/div><\/div><div class=\"tiled-gallery__row\"><div class=\"tiled-gallery__col\" style=\"flex-basis:33.21262%\"><figure class=\"tiled-gallery__item\"><img decoding=\"async\" alt=\"\" data-height=\"667\" data-id=\"305228\" data-link=\"https:\/\/sandrinedelage.com\/?attachment_id=305228\" data-url=\"https:\/\/sandrinedelage.com\/wp-content\/uploads\/2021\/01\/URBAMOUREUSE-9.jpg\" data-width=\"1000\" src=\"https:\/\/i1.wp.com\/sandrinedelage.com\/wp-content\/uploads\/2021\/01\/URBAMOUREUSE-9.jpg\" data-amp-layout=\"responsive\"\/><\/figure><figure class=\"tiled-gallery__item\"><img decoding=\"async\" alt=\"\" data-height=\"667\" data-id=\"305227\" data-link=\"https:\/\/sandrinedelage.com\/?attachment_id=305227\" data-url=\"https:\/\/sandrinedelage.com\/wp-content\/uploads\/2021\/01\/URBAMOUREUSE-8.jpg\" data-width=\"1000\" src=\"https:\/\/i1.wp.com\/sandrinedelage.com\/wp-content\/uploads\/2021\/01\/URBAMOUREUSE-8.jpg\" data-amp-layout=\"responsive\"\/><\/figure><\/div><div class=\"tiled-gallery__col\" style=\"flex-basis:66.78738%\"><figure class=\"tiled-gallery__item\"><img decoding=\"async\" alt=\"\" data-height=\"667\" data-id=\"305221\" data-link=\"https:\/\/sandrinedelage.com\/?attachment_id=305221\" data-url=\"https:\/\/sandrinedelage.com\/wp-content\/uploads\/2021\/01\/URBAMOUREUSE-2.jpg\" data-width=\"1000\" src=\"https:\/\/i1.wp.com\/sandrinedelage.com\/wp-content\/uploads\/2021\/01\/URBAMOUREUSE-2.jpg\" data-amp-layout=\"responsive\"\/><\/figure><\/div><\/div><div class=\"tiled-gallery__row\"><div class=\"tiled-gallery__col\" style=\"flex-basis:66.78738%\"><figure class=\"tiled-gallery__item\"><img decoding=\"async\" alt=\"\" data-height=\"667\" data-id=\"305226\" data-link=\"https:\/\/sandrinedelage.com\/?attachment_id=305226\" data-url=\"https:\/\/sandrinedelage.com\/wp-content\/uploads\/2021\/01\/URBAMOUREUSE-7.jpg\" data-width=\"1000\" src=\"https:\/\/i0.wp.com\/sandrinedelage.com\/wp-content\/uploads\/2021\/01\/URBAMOUREUSE-7.jpg\" data-amp-layout=\"responsive\"\/><\/figure><\/div><div class=\"tiled-gallery__col\" style=\"flex-basis:33.21262%\"><figure class=\"tiled-gallery__item\"><img decoding=\"async\" alt=\"\" data-height=\"667\" data-id=\"305225\" data-link=\"https:\/\/sandrinedelage.com\/?attachment_id=305225\" data-url=\"https:\/\/sandrinedelage.com\/wp-content\/uploads\/2021\/01\/URBAMOUREUSE-6.jpg\" data-width=\"1000\" src=\"https:\/\/i2.wp.com\/sandrinedelage.com\/wp-content\/uploads\/2021\/01\/URBAMOUREUSE-6.jpg\" data-amp-layout=\"responsive\"\/><\/figure><figure class=\"tiled-gallery__item\"><img decoding=\"async\" alt=\"\" data-height=\"667\" data-id=\"305224\" data-link=\"https:\/\/sandrinedelage.com\/?attachment_id=305224\" data-url=\"https:\/\/sandrinedelage.com\/wp-content\/uploads\/2021\/01\/URBAMOUREUSE-5.jpg\" data-width=\"1000\" src=\"https:\/\/i1.wp.com\/sandrinedelage.com\/wp-content\/uploads\/2021\/01\/URBAMOUREUSE-5.jpg\" data-amp-layout=\"responsive\"\/><\/figure><\/div><\/div><div class=\"tiled-gallery__row\"><div class=\"tiled-gallery__col\" style=\"flex-basis:50.00000%\"><figure class=\"tiled-gallery__item\"><img decoding=\"async\" alt=\"\" data-height=\"667\" data-id=\"305223\" data-link=\"https:\/\/sandrinedelage.com\/?attachment_id=305223\" data-url=\"https:\/\/sandrinedelage.com\/wp-content\/uploads\/2021\/01\/URBAMOUREUSE-4.jpg\" data-width=\"1000\" src=\"https:\/\/i2.wp.com\/sandrinedelage.com\/wp-content\/uploads\/2021\/01\/URBAMOUREUSE-4.jpg\" data-amp-layout=\"responsive\"\/><\/figure><\/div><div class=\"tiled-gallery__col\" style=\"flex-basis:50.00000%\"><figure class=\"tiled-gallery__item\"><img decoding=\"async\" alt=\"\" data-height=\"667\" data-id=\"305222\" data-link=\"https:\/\/sandrinedelage.com\/?attachment_id=305222\" data-url=\"https:\/\/sandrinedelage.com\/wp-content\/uploads\/2021\/01\/URBAMOUREUSE-3.jpg\" data-width=\"1000\" src=\"https:\/\/i2.wp.com\/sandrinedelage.com\/wp-content\/uploads\/2021\/01\/URBAMOUREUSE-3.jpg\" data-amp-layout=\"responsive\"\/><\/figure><\/div><\/div><\/div><\/div>\n","protected":false},"excerpt":{"rendered":"<p>A quoi ressemble la citadine du 21\u00e8me si\u00e8cle ? Quelle place pour une femme dans l\u2019espace public ? Press\u00e9e, seule, \u00e2g\u00e9e, accompagn\u00e9e, fugace, en attente, cavalant, virevoltant. Ses mouvements seront-ils identiques dans un lieu ferm\u00e9 ? La s\u00e9rie d\u00e9voile un bout de f\u00e9minitude et laisse la trace des parfums de femme. Je contribue au quotidien [&hellip;]<\/p>\n","protected":false},"author":1,"featured_media":0,"parent":0,"menu_order":0,"comment_status":"closed","ping_status":"closed","template":"","meta":{"footnotes":""},"class_list":["post-305416","page","type-page","status-publish","hentry"],"_links":{"self":[{"href":"https:\/\/sandrinedelage.com\/index.php?rest_route=\/wp\/v2\/pages\/305416","targetHints":{"allow":["GET"]}}],"collection":[{"href":"https:\/\/sandrinedelage.com\/index.php?rest_route=\/wp\/v2\/pages"}],"about":[{"href":"https:\/\/sandrinedelage.com\/index.php?rest_route=\/wp\/v2\/types\/page"}],"author":[{"embeddable":true,"href":"https:\/\/sandrinedelage.com\/index.php?rest_route=\/wp\/v2\/users\/1"}],"replies":[{"embeddable":true,"href":"https:\/\/sandrinedelage.com\/index.php?rest_route=%2Fwp%2Fv2%2Fcomments&post=305416"}],"version-history":[{"count":6,"href":"https:\/\/sandrinedelage.com\/index.php?rest_route=\/wp\/v2\/pages\/305416\/revisions"}],"predecessor-version":[{"id":305489,"href":"https:\/\/sandrinedelage.com\/index.php?rest_route=\/wp\/v2\/pages\/305416\/revisions\/305489"}],"wp:attachment":[{"href":"https:\/\/sandrinedelage.com\/index.php?rest_route=%2Fwp%2Fv2%2Fmedia&parent=305416"}],"curies":[{"name":"wp","href":"https:\/\/api.w.org\/{rel}","templated":true}]}}