{"id":305451,"date":"2023-10-03T09:48:19","date_gmt":"2023-10-03T08:48:19","guid":{"rendered":"http:\/\/sandrinedelage.com\/?page_id=305451"},"modified":"2023-10-03T11:39:44","modified_gmt":"2023-10-03T10:39:44","slug":"coeur-de-sel","status":"publish","type":"page","link":"https:\/\/sandrinedelage.com\/?page_id=305451","title":{"rendered":"COEUR DE SEL"},"content":{"rendered":"\n<div class=\"wp-block-columns is-layout-flex wp-container-core-columns-is-layout-28f84493 wp-block-columns-is-layout-flex\">\n<div class=\"wp-block-column is-layout-flow wp-block-column-is-layout-flow\" style=\"flex-basis:20%\"><\/div>\n\n\n\n<div class=\"wp-block-column is-layout-flow wp-block-column-is-layout-flow\" style=\"flex-basis:66.66%\">\n<p>Avec une \u00e9tendue de plus de 12.500 km\u00b2, le Salar d\u2019Uyuni embrase le c\u0153ur des voyageurs \u00e9pris d\u2019aventure. Telle une oasis aux reflets infinis, cette mer de sel renferme une r\u00e9serve estim\u00e9e \u00e0 100 millions de tonnes de cet or blanc qu\u2019est le lithium.<\/p>\n\n\n\n<p>Entre d\u00e9cembre et mars, les pluies g\u00e9n\u00e9reuses viennent raviver ce paysage unique, transformant le d\u00e9sert en un miroir liquide \u00e0 perte de vue. Une symphonie de couleurs se d\u00e9ploie, o\u00f9 le ciel indigo et les nuages couleur plomb se fondent dans une danse envo\u00fbtante.<\/p>\n\n\n\n<p>Sous ce firmament magique, quelques gouttes \u00e9parses tombent parfois du ciel, cr\u00e9ant des contrastes saisissants. Ces accalmies fugaces ench\u00e9rissent encore la beaut\u00e9 du Salar, faisant briller de mille feux le blanc \u00e9blouissant du sel.<\/p>\n\n\n\n<p>Le temps semble suspendu dans cet univers extraordinaire qui d\u00e9fie l\u2019imaginaire. Laissez-vous emporter par cette f\u00e9\u00e9rie du C\u0153ur de sel, o\u00f9 les nuages se m\u00ealent au reflet de l\u2019eau, pour vivre une exp\u00e9rience unique et inoubliable.<\/p>\n<\/div>\n<\/div>\n\n\n\n<p><\/p>\n\n\n\n<div class=\"wp-block-jetpack-tiled-gallery aligncenter is-style-rectangular has-rounded-corners-5\"><div class=\"tiled-gallery__gallery\"><div class=\"tiled-gallery__row\"><div class=\"tiled-gallery__col\" style=\"flex-basis:66.85742%\"><figure class=\"tiled-gallery__item\"><img decoding=\"async\" alt=\"\" data-height=\"1366\" data-id=\"305123\" data-link=\"https:\/\/sandrinedelage.com\/?attachment_id=305123\" data-url=\"https:\/\/sandrinedelage.com\/wp-content\/uploads\/2021\/04\/Delage_Sandrine_12-1024x683.jpg\" data-width=\"2048\" src=\"https:\/\/i1.wp.com\/sandrinedelage.com\/wp-content\/uploads\/2021\/04\/Delage_Sandrine_12-1024x683.jpg\" data-amp-layout=\"responsive\"\/><\/figure><\/div><div class=\"tiled-gallery__col\" style=\"flex-basis:33.14258%\"><figure class=\"tiled-gallery__item\"><img decoding=\"async\" alt=\"\" data-height=\"537\" data-id=\"305140\" data-link=\"https:\/\/sandrinedelage.com\/?attachment_id=305140\" data-url=\"https:\/\/sandrinedelage.com\/wp-content\/uploads\/2021\/01\/Fleurs-de-sel.jpg\" data-width=\"800\" src=\"https:\/\/i1.wp.com\/sandrinedelage.com\/wp-content\/uploads\/2021\/01\/Fleurs-de-sel.jpg\" data-amp-layout=\"responsive\"\/><\/figure><figure class=\"tiled-gallery__item\"><img decoding=\"async\" alt=\"\" data-height=\"1366\" data-id=\"305135\" data-link=\"https:\/\/sandrinedelage.com\/?attachment_id=305135\" data-url=\"https:\/\/sandrinedelage.com\/wp-content\/uploads\/2021\/04\/Delage_Sandrine_16-1024x683.jpg\" data-width=\"2048\" src=\"https:\/\/i1.wp.com\/sandrinedelage.com\/wp-content\/uploads\/2021\/04\/Delage_Sandrine_16-1024x683.jpg\" data-amp-layout=\"responsive\"\/><\/figure><\/div><\/div><div class=\"tiled-gallery__row\"><div class=\"tiled-gallery__col\" style=\"flex-basis:33.33333%\"><figure class=\"tiled-gallery__item\"><img decoding=\"async\" alt=\"\" data-height=\"1366\" data-id=\"305134\" data-link=\"https:\/\/sandrinedelage.com\/?attachment_id=305134\" data-url=\"https:\/\/sandrinedelage.com\/wp-content\/uploads\/2021\/04\/Delage_Sandrine_14-1024x683.jpg\" data-width=\"2048\" src=\"https:\/\/i2.wp.com\/sandrinedelage.com\/wp-content\/uploads\/2021\/04\/Delage_Sandrine_14-1024x683.jpg\" data-amp-layout=\"responsive\"\/><\/figure><\/div><div class=\"tiled-gallery__col\" style=\"flex-basis:33.33333%\"><figure class=\"tiled-gallery__item\"><img decoding=\"async\" alt=\"\" data-height=\"1366\" data-id=\"305133\" data-link=\"https:\/\/sandrinedelage.com\/?attachment_id=305133\" data-url=\"https:\/\/sandrinedelage.com\/wp-content\/uploads\/2021\/04\/Delage_Sandrine_19-1024x683.jpg\" data-width=\"2048\" src=\"https:\/\/i2.wp.com\/sandrinedelage.com\/wp-content\/uploads\/2021\/04\/Delage_Sandrine_19-1024x683.jpg\" data-amp-layout=\"responsive\"\/><\/figure><\/div><div class=\"tiled-gallery__col\" style=\"flex-basis:33.33333%\"><figure class=\"tiled-gallery__item\"><img decoding=\"async\" alt=\"\" data-height=\"1366\" data-id=\"305132\" data-link=\"https:\/\/sandrinedelage.com\/?attachment_id=305132\" data-url=\"https:\/\/sandrinedelage.com\/wp-content\/uploads\/2021\/04\/Delage_Sandrine_17-1024x683.jpg\" data-width=\"2048\" src=\"https:\/\/i2.wp.com\/sandrinedelage.com\/wp-content\/uploads\/2021\/04\/Delage_Sandrine_17-1024x683.jpg\" data-amp-layout=\"responsive\"\/><\/figure><\/div><\/div><div class=\"tiled-gallery__row\"><div class=\"tiled-gallery__col\" style=\"flex-basis:33.37410%\"><figure class=\"tiled-gallery__item\"><img decoding=\"async\" alt=\"\" data-height=\"1366\" data-id=\"305131\" data-link=\"https:\/\/sandrinedelage.com\/?attachment_id=305131\" data-url=\"https:\/\/sandrinedelage.com\/wp-content\/uploads\/2021\/04\/Delage_Sandrine_01-1024x683.jpg\" data-width=\"2048\" src=\"https:\/\/i2.wp.com\/sandrinedelage.com\/wp-content\/uploads\/2021\/04\/Delage_Sandrine_01-1024x683.jpg\" data-amp-layout=\"responsive\"\/><\/figure><figure class=\"tiled-gallery__item\"><img decoding=\"async\" alt=\"\" data-height=\"1366\" data-id=\"305130\" data-link=\"https:\/\/sandrinedelage.com\/?attachment_id=305130\" data-url=\"https:\/\/sandrinedelage.com\/wp-content\/uploads\/2021\/04\/Delage_Sandrine_02-1024x683.jpg\" data-width=\"2048\" src=\"https:\/\/i2.wp.com\/sandrinedelage.com\/wp-content\/uploads\/2021\/04\/Delage_Sandrine_02-1024x683.jpg\" data-amp-layout=\"responsive\"\/><\/figure><\/div><div class=\"tiled-gallery__col\" style=\"flex-basis:66.62590%\"><figure class=\"tiled-gallery__item\"><img decoding=\"async\" alt=\"\" data-height=\"1376\" data-id=\"305129\" data-link=\"https:\/\/sandrinedelage.com\/?attachment_id=305129\" data-url=\"https:\/\/sandrinedelage.com\/wp-content\/uploads\/2021\/04\/Delage_Sandrine_04-1024x688.jpg\" data-width=\"2048\" src=\"https:\/\/i0.wp.com\/sandrinedelage.com\/wp-content\/uploads\/2021\/04\/Delage_Sandrine_04-1024x688.jpg\" data-amp-layout=\"responsive\"\/><\/figure><\/div><\/div><div class=\"tiled-gallery__row\"><div class=\"tiled-gallery__col\" style=\"flex-basis:25.00000%\"><figure class=\"tiled-gallery__item\"><img decoding=\"async\" alt=\"\" data-height=\"1366\" data-id=\"305128\" data-link=\"https:\/\/sandrinedelage.com\/?attachment_id=305128\" data-url=\"https:\/\/sandrinedelage.com\/wp-content\/uploads\/2021\/04\/Delage_Sandrine_07-1024x683.jpg\" data-width=\"2048\" src=\"https:\/\/i2.wp.com\/sandrinedelage.com\/wp-content\/uploads\/2021\/04\/Delage_Sandrine_07-1024x683.jpg\" data-amp-layout=\"responsive\"\/><\/figure><\/div><div class=\"tiled-gallery__col\" style=\"flex-basis:25.00000%\"><figure class=\"tiled-gallery__item\"><img decoding=\"async\" alt=\"\" data-height=\"1366\" data-id=\"305127\" data-link=\"https:\/\/sandrinedelage.com\/?attachment_id=305127\" data-url=\"https:\/\/sandrinedelage.com\/wp-content\/uploads\/2021\/04\/Delage_Sandrine_10-1024x683.jpg\" data-width=\"2048\" src=\"https:\/\/i1.wp.com\/sandrinedelage.com\/wp-content\/uploads\/2021\/04\/Delage_Sandrine_10-1024x683.jpg\" data-amp-layout=\"responsive\"\/><\/figure><\/div><div class=\"tiled-gallery__col\" style=\"flex-basis:25.00000%\"><figure class=\"tiled-gallery__item\"><img decoding=\"async\" alt=\"\" data-height=\"1366\" data-id=\"305126\" data-link=\"https:\/\/sandrinedelage.com\/?attachment_id=305126\" data-url=\"https:\/\/sandrinedelage.com\/wp-content\/uploads\/2021\/04\/Delage_Sandrine_13-1024x683.jpg\" data-width=\"2048\" src=\"https:\/\/i0.wp.com\/sandrinedelage.com\/wp-content\/uploads\/2021\/04\/Delage_Sandrine_13-1024x683.jpg\" data-amp-layout=\"responsive\"\/><\/figure><\/div><div class=\"tiled-gallery__col\" style=\"flex-basis:25.00000%\"><figure class=\"tiled-gallery__item\"><img decoding=\"async\" alt=\"\" data-height=\"1366\" data-id=\"305124\" data-link=\"https:\/\/sandrinedelage.com\/?attachment_id=305124\" data-url=\"https:\/\/sandrinedelage.com\/wp-content\/uploads\/2021\/04\/Delage_Sandrine_05-1024x683.jpg\" data-width=\"2048\" src=\"https:\/\/i1.wp.com\/sandrinedelage.com\/wp-content\/uploads\/2021\/04\/Delage_Sandrine_05-1024x683.jpg\" data-amp-layout=\"responsive\"\/><\/figure><\/div><\/div><\/div><\/div>\n","protected":false},"excerpt":{"rendered":"<p>Avec une \u00e9tendue de plus de 12.500 km\u00b2, le Salar d\u2019Uyuni embrase le c\u0153ur des voyageurs \u00e9pris d\u2019aventure. Telle une oasis aux reflets infinis, cette mer de sel renferme une r\u00e9serve estim\u00e9e \u00e0 100 millions de tonnes de cet or blanc qu\u2019est le lithium. Entre d\u00e9cembre et mars, les pluies g\u00e9n\u00e9reuses viennent raviver ce paysage [&hellip;]<\/p>\n","protected":false},"author":1,"featured_media":0,"parent":0,"menu_order":0,"comment_status":"closed","ping_status":"closed","template":"","meta":{"footnotes":""},"class_list":["post-305451","page","type-page","status-publish","hentry"],"_links":{"self":[{"href":"https:\/\/sandrinedelage.com\/index.php?rest_route=\/wp\/v2\/pages\/305451","targetHints":{"allow":["GET"]}}],"collection":[{"href":"https:\/\/sandrinedelage.com\/index.php?rest_route=\/wp\/v2\/pages"}],"about":[{"href":"https:\/\/sandrinedelage.com\/index.php?rest_route=\/wp\/v2\/types\/page"}],"author":[{"embeddable":true,"href":"https:\/\/sandrinedelage.com\/index.php?rest_route=\/wp\/v2\/users\/1"}],"replies":[{"embeddable":true,"href":"https:\/\/sandrinedelage.com\/index.php?rest_route=%2Fwp%2Fv2%2Fcomments&post=305451"}],"version-history":[{"count":7,"href":"https:\/\/sandrinedelage.com\/index.php?rest_route=\/wp\/v2\/pages\/305451\/revisions"}],"predecessor-version":[{"id":305544,"href":"https:\/\/sandrinedelage.com\/index.php?rest_route=\/wp\/v2\/pages\/305451\/revisions\/305544"}],"wp:attachment":[{"href":"https:\/\/sandrinedelage.com\/index.php?rest_route=%2Fwp%2Fv2%2Fmedia&parent=305451"}],"curies":[{"name":"wp","href":"https:\/\/api.w.org\/{rel}","templated":true}]}}