{"id":305463,"date":"2023-10-03T09:54:34","date_gmt":"2023-10-03T08:54:34","guid":{"rendered":"http:\/\/sandrinedelage.com\/?page_id=305463"},"modified":"2023-10-03T09:54:36","modified_gmt":"2023-10-03T08:54:36","slug":"autarcies","status":"publish","type":"page","link":"https:\/\/sandrinedelage.com\/?page_id=305463","title":{"rendered":"AUTARCIES"},"content":{"rendered":"\n<div class=\"wp-block-columns is-layout-flex wp-container-core-columns-is-layout-28f84493 wp-block-columns-is-layout-flex\">\n<div class=\"wp-block-column is-layout-flow wp-block-column-is-layout-flow\" style=\"flex-basis:20%\">\n<p class=\"has-medium-font-size\"><\/p>\n<\/div>\n\n\n\n<div class=\"wp-block-column is-layout-flow wp-block-column-is-layout-flow\" style=\"flex-basis:66.66%\">\n<p>Repli\u00e9e sur elle-m\u00eame depuis plus d\u2019un demi-si\u00e8cle, la R\u00e9publique de Cuba s\u2019est ouverte au tourisme \u00e0 grande \u00e9chelle afin de redresser une situation \u00e9conomique sombrant avec la d\u00e9liquescence du bloc communiste et press\u00e9e par l\u2019embargo am\u00e9ricain.<\/p>\n\n\n\n<p>Dans un environnement o\u00f9 les libert\u00e9s individuelles sont rogn\u00e9es par le collectivisme, Autarcies se veut le reflet de bribes de vie de familles enferm\u00e9es dans un paradis de couleurs.<\/p>\n\n\n\n<p>Le pouvoir politique contr\u00f4le l\u2019espace en misant sur la r\u00e9novation urbaine. La politique de la ville sert la cosm\u00e9tologie au ravissement des \u00e9trangers et permet d\u2019\u00e9radiquer partiellement l\u2019insalubrit\u00e9 urbaine.<\/p>\n\n\n\n<p>La vieille Havane et le centre historique de Trinidad ont \u00e9t\u00e9 repav\u00e9s et recoloris\u00e9s et attirent un flot de touristes toujours plus important, dont la manne \u00e9conomique rentre dans l\u2019\u00e9conomie irr\u00e9elle du peso convertible.<\/p>\n\n\n\n<p>A la fois dedans et dehors, les sujets photographi\u00e9s ont \u00e9t\u00e9 volontairement isol\u00e9s dans leur contexte quotidien et restent avides du contact ext\u00e9rieur, Autarcies repr\u00e9sentant l\u2019envers du d\u00e9cor d\u2019une belle \u00eele-prison.<\/p>\n\n\n\n<p>Cette s\u00e9rie a \u00e9galement \u00e9t\u00e9 projet\u00e9e aux Nuits photographiques de Pierrevert :&nbsp;<a href=\"https:\/\/vimeo.com\/141834282\" target=\"_blank\" rel=\"noreferrer noopener\">Montage r\u00e9alis\u00e9 par Henri Kartmann<\/a>.<\/p>\n<\/div>\n<\/div>\n\n\n\n<p><\/p>\n\n\n\n<div class=\"wp-block-jetpack-tiled-gallery aligncenter is-style-rectangular has-rounded-corners-5\"><div class=\"tiled-gallery__gallery\"><div class=\"tiled-gallery__row\"><div class=\"tiled-gallery__col\" style=\"flex-basis:66.78747%\"><figure class=\"tiled-gallery__item\"><img decoding=\"async\" alt=\"\" data-height=\"1333\" data-id=\"305219\" data-link=\"https:\/\/sandrinedelage.com\/?attachment_id=305219\" data-url=\"https:\/\/sandrinedelage.com\/wp-content\/uploads\/2021\/04\/Autarcies_17-1024x682.jpg\" data-width=\"2000\" src=\"https:\/\/i2.wp.com\/sandrinedelage.com\/wp-content\/uploads\/2021\/04\/Autarcies_17-1024x682.jpg\" data-amp-layout=\"responsive\"\/><\/figure><\/div><div class=\"tiled-gallery__col\" style=\"flex-basis:33.21253%\"><figure class=\"tiled-gallery__item\"><img decoding=\"async\" alt=\"\" data-height=\"1333\" data-id=\"305218\" data-link=\"https:\/\/sandrinedelage.com\/?attachment_id=305218\" data-url=\"https:\/\/sandrinedelage.com\/wp-content\/uploads\/2021\/04\/Autarcies_16-1024x682.jpg\" data-width=\"2000\" src=\"https:\/\/i1.wp.com\/sandrinedelage.com\/wp-content\/uploads\/2021\/04\/Autarcies_16-1024x682.jpg\" data-amp-layout=\"responsive\"\/><\/figure><figure class=\"tiled-gallery__item\"><img decoding=\"async\" alt=\"\" data-height=\"1333\" data-id=\"305217\" data-link=\"https:\/\/sandrinedelage.com\/?attachment_id=305217\" data-url=\"https:\/\/sandrinedelage.com\/wp-content\/uploads\/2021\/04\/Autarcies_15-1024x682.jpg\" data-width=\"2000\" src=\"https:\/\/i2.wp.com\/sandrinedelage.com\/wp-content\/uploads\/2021\/04\/Autarcies_15-1024x682.jpg\" data-amp-layout=\"responsive\"\/><\/figure><\/div><\/div><div class=\"tiled-gallery__row\"><div class=\"tiled-gallery__col\" style=\"flex-basis:33.33333%\"><figure class=\"tiled-gallery__item\"><img decoding=\"async\" alt=\"\" data-height=\"1333\" data-id=\"305216\" data-link=\"https:\/\/sandrinedelage.com\/?attachment_id=305216\" data-url=\"https:\/\/sandrinedelage.com\/wp-content\/uploads\/2021\/04\/Autarcies_14-1024x682.jpg\" data-width=\"2000\" src=\"https:\/\/i0.wp.com\/sandrinedelage.com\/wp-content\/uploads\/2021\/04\/Autarcies_14-1024x682.jpg\" data-amp-layout=\"responsive\"\/><\/figure><\/div><div class=\"tiled-gallery__col\" style=\"flex-basis:33.33333%\"><figure class=\"tiled-gallery__item\"><img decoding=\"async\" alt=\"\" data-height=\"1333\" data-id=\"305215\" data-link=\"https:\/\/sandrinedelage.com\/?attachment_id=305215\" data-url=\"https:\/\/sandrinedelage.com\/wp-content\/uploads\/2021\/04\/Autarcies_13-1024x682.jpg\" data-width=\"2000\" src=\"https:\/\/i0.wp.com\/sandrinedelage.com\/wp-content\/uploads\/2021\/04\/Autarcies_13-1024x682.jpg\" data-amp-layout=\"responsive\"\/><\/figure><\/div><div class=\"tiled-gallery__col\" style=\"flex-basis:33.33333%\"><figure class=\"tiled-gallery__item\"><img decoding=\"async\" alt=\"\" data-height=\"1333\" data-id=\"305214\" data-link=\"https:\/\/sandrinedelage.com\/?attachment_id=305214\" data-url=\"https:\/\/sandrinedelage.com\/wp-content\/uploads\/2021\/04\/Autarcies_12-1024x682.jpg\" data-width=\"2000\" src=\"https:\/\/i2.wp.com\/sandrinedelage.com\/wp-content\/uploads\/2021\/04\/Autarcies_12-1024x682.jpg\" data-amp-layout=\"responsive\"\/><\/figure><\/div><\/div><div class=\"tiled-gallery__row\"><div class=\"tiled-gallery__col\" style=\"flex-basis:33.21253%\"><figure class=\"tiled-gallery__item\"><img decoding=\"async\" alt=\"\" data-height=\"1333\" data-id=\"305213\" data-link=\"https:\/\/sandrinedelage.com\/?attachment_id=305213\" data-url=\"https:\/\/sandrinedelage.com\/wp-content\/uploads\/2021\/04\/Autarcies_11-1024x682.jpg\" data-width=\"2000\" src=\"https:\/\/i2.wp.com\/sandrinedelage.com\/wp-content\/uploads\/2021\/04\/Autarcies_11-1024x682.jpg\" data-amp-layout=\"responsive\"\/><\/figure><figure class=\"tiled-gallery__item\"><img decoding=\"async\" alt=\"\" data-height=\"1333\" data-id=\"305212\" data-link=\"https:\/\/sandrinedelage.com\/?attachment_id=305212\" data-url=\"https:\/\/sandrinedelage.com\/wp-content\/uploads\/2021\/04\/Autarcies_10-1024x682.jpg\" data-width=\"2000\" src=\"https:\/\/i0.wp.com\/sandrinedelage.com\/wp-content\/uploads\/2021\/04\/Autarcies_10-1024x682.jpg\" data-amp-layout=\"responsive\"\/><\/figure><\/div><div class=\"tiled-gallery__col\" style=\"flex-basis:66.78747%\"><figure class=\"tiled-gallery__item\"><img decoding=\"async\" alt=\"\" data-height=\"1333\" data-id=\"305211\" data-link=\"https:\/\/sandrinedelage.com\/?attachment_id=305211\" data-url=\"https:\/\/sandrinedelage.com\/wp-content\/uploads\/2021\/04\/Autarcies_9-1024x682.jpg\" data-width=\"2000\" src=\"https:\/\/i0.wp.com\/sandrinedelage.com\/wp-content\/uploads\/2021\/04\/Autarcies_9-1024x682.jpg\" data-amp-layout=\"responsive\"\/><\/figure><\/div><\/div><div class=\"tiled-gallery__row\"><div class=\"tiled-gallery__col\" style=\"flex-basis:50.00000%\"><figure class=\"tiled-gallery__item\"><img decoding=\"async\" alt=\"\" data-height=\"1333\" data-id=\"305210\" data-link=\"https:\/\/sandrinedelage.com\/?attachment_id=305210\" data-url=\"https:\/\/sandrinedelage.com\/wp-content\/uploads\/2021\/04\/Autarcies_8-1024x682.jpg\" data-width=\"2000\" src=\"https:\/\/i0.wp.com\/sandrinedelage.com\/wp-content\/uploads\/2021\/04\/Autarcies_8-1024x682.jpg\" data-amp-layout=\"responsive\"\/><\/figure><\/div><div class=\"tiled-gallery__col\" style=\"flex-basis:50.00000%\"><figure class=\"tiled-gallery__item\"><img decoding=\"async\" alt=\"\" data-height=\"1333\" data-id=\"305209\" data-link=\"https:\/\/sandrinedelage.com\/?attachment_id=305209\" data-url=\"https:\/\/sandrinedelage.com\/wp-content\/uploads\/2021\/04\/Autarcies_7-1024x682.jpg\" data-width=\"2000\" src=\"https:\/\/i2.wp.com\/sandrinedelage.com\/wp-content\/uploads\/2021\/04\/Autarcies_7-1024x682.jpg\" data-amp-layout=\"responsive\"\/><\/figure><\/div><\/div><div class=\"tiled-gallery__row\"><div class=\"tiled-gallery__col\" style=\"flex-basis:66.78747%\"><figure class=\"tiled-gallery__item\"><img decoding=\"async\" alt=\"\" data-height=\"1333\" data-id=\"305208\" data-link=\"https:\/\/sandrinedelage.com\/?attachment_id=305208\" data-url=\"https:\/\/sandrinedelage.com\/wp-content\/uploads\/2021\/04\/Autarcies_6-1024x682.jpg\" data-width=\"2000\" src=\"https:\/\/i1.wp.com\/sandrinedelage.com\/wp-content\/uploads\/2021\/04\/Autarcies_6-1024x682.jpg\" data-amp-layout=\"responsive\"\/><\/figure><\/div><div class=\"tiled-gallery__col\" style=\"flex-basis:33.21253%\"><figure class=\"tiled-gallery__item\"><img decoding=\"async\" alt=\"\" data-height=\"1333\" data-id=\"305207\" data-link=\"https:\/\/sandrinedelage.com\/?attachment_id=305207\" data-url=\"https:\/\/sandrinedelage.com\/wp-content\/uploads\/2021\/04\/Autarcies_5-1024x682.jpg\" data-width=\"2000\" src=\"https:\/\/i2.wp.com\/sandrinedelage.com\/wp-content\/uploads\/2021\/04\/Autarcies_5-1024x682.jpg\" data-amp-layout=\"responsive\"\/><\/figure><figure class=\"tiled-gallery__item\"><img decoding=\"async\" alt=\"\" data-height=\"1333\" data-id=\"305206\" data-link=\"https:\/\/sandrinedelage.com\/?attachment_id=305206\" data-url=\"https:\/\/sandrinedelage.com\/wp-content\/uploads\/2021\/04\/Autarcies_4-1024x682.jpg\" data-width=\"2000\" src=\"https:\/\/i2.wp.com\/sandrinedelage.com\/wp-content\/uploads\/2021\/04\/Autarcies_4-1024x682.jpg\" data-amp-layout=\"responsive\"\/><\/figure><\/div><\/div><div class=\"tiled-gallery__row\"><div class=\"tiled-gallery__col\" style=\"flex-basis:25.00000%\"><figure class=\"tiled-gallery__item\"><img decoding=\"async\" alt=\"\" data-height=\"1333\" data-id=\"305205\" data-link=\"https:\/\/sandrinedelage.com\/?attachment_id=305205\" data-url=\"https:\/\/sandrinedelage.com\/wp-content\/uploads\/2021\/04\/Autarcies_3-1024x682.jpg\" data-width=\"2000\" src=\"https:\/\/i0.wp.com\/sandrinedelage.com\/wp-content\/uploads\/2021\/04\/Autarcies_3-1024x682.jpg\" data-amp-layout=\"responsive\"\/><\/figure><\/div><div class=\"tiled-gallery__col\" style=\"flex-basis:25.00000%\"><figure class=\"tiled-gallery__item\"><img decoding=\"async\" alt=\"\" data-height=\"1333\" data-id=\"305204\" data-link=\"https:\/\/sandrinedelage.com\/?attachment_id=305204\" data-url=\"https:\/\/sandrinedelage.com\/wp-content\/uploads\/2021\/04\/Autarcies_2-1024x682.jpg\" data-width=\"2000\" src=\"https:\/\/i0.wp.com\/sandrinedelage.com\/wp-content\/uploads\/2021\/04\/Autarcies_2-1024x682.jpg\" data-amp-layout=\"responsive\"\/><\/figure><\/div><div class=\"tiled-gallery__col\" style=\"flex-basis:25.00000%\"><figure class=\"tiled-gallery__item\"><img decoding=\"async\" alt=\"\" data-height=\"1333\" data-id=\"305203\" data-link=\"https:\/\/sandrinedelage.com\/?attachment_id=305203\" data-url=\"https:\/\/sandrinedelage.com\/wp-content\/uploads\/2021\/04\/Autarcies_1-1024x682.jpg\" data-width=\"2000\" src=\"https:\/\/i2.wp.com\/sandrinedelage.com\/wp-content\/uploads\/2021\/04\/Autarcies_1-1024x682.jpg\" data-amp-layout=\"responsive\"\/><\/figure><\/div><div class=\"tiled-gallery__col\" style=\"flex-basis:25.00000%\"><figure class=\"tiled-gallery__item\"><img decoding=\"async\" alt=\"\" data-height=\"1333\" data-id=\"305202\" data-link=\"https:\/\/sandrinedelage.com\/?attachment_id=305202\" data-url=\"https:\/\/sandrinedelage.com\/wp-content\/uploads\/2021\/04\/Autarcies_0-1024x682.jpg\" data-width=\"2000\" src=\"https:\/\/i1.wp.com\/sandrinedelage.com\/wp-content\/uploads\/2021\/04\/Autarcies_0-1024x682.jpg\" data-amp-layout=\"responsive\"\/><\/figure><\/div><\/div><\/div><\/div>\n\n\n\n<div class=\"wp-block-columns is-layout-flex wp-container-core-columns-is-layout-28f84493 wp-block-columns-is-layout-flex\"><\/div>\n\n\n\n<div class=\"wp-block-columns is-layout-flex wp-container-core-columns-is-layout-28f84493 wp-block-columns-is-layout-flex\"><\/div>\n\n\n\n<div class=\"wp-block-columns is-layout-flex wp-container-core-columns-is-layout-28f84493 wp-block-columns-is-layout-flex\"><\/div>\n","protected":false},"excerpt":{"rendered":"<p>Repli\u00e9e sur elle-m\u00eame depuis plus d\u2019un demi-si\u00e8cle, la R\u00e9publique de Cuba s\u2019est ouverte au tourisme \u00e0 grande \u00e9chelle afin de redresser une situation \u00e9conomique sombrant avec la d\u00e9liquescence du bloc communiste et press\u00e9e par l\u2019embargo am\u00e9ricain. Dans un environnement o\u00f9 les libert\u00e9s individuelles sont rogn\u00e9es par le collectivisme, Autarcies se veut le reflet de bribes [&hellip;]<\/p>\n","protected":false},"author":1,"featured_media":0,"parent":0,"menu_order":0,"comment_status":"closed","ping_status":"closed","template":"","meta":{"footnotes":""},"class_list":["post-305463","page","type-page","status-publish","hentry"],"_links":{"self":[{"href":"https:\/\/sandrinedelage.com\/index.php?rest_route=\/wp\/v2\/pages\/305463","targetHints":{"allow":["GET"]}}],"collection":[{"href":"https:\/\/sandrinedelage.com\/index.php?rest_route=\/wp\/v2\/pages"}],"about":[{"href":"https:\/\/sandrinedelage.com\/index.php?rest_route=\/wp\/v2\/types\/page"}],"author":[{"embeddable":true,"href":"https:\/\/sandrinedelage.com\/index.php?rest_route=\/wp\/v2\/users\/1"}],"replies":[{"embeddable":true,"href":"https:\/\/sandrinedelage.com\/index.php?rest_route=%2Fwp%2Fv2%2Fcomments&post=305463"}],"version-history":[{"count":3,"href":"https:\/\/sandrinedelage.com\/index.php?rest_route=\/wp\/v2\/pages\/305463\/revisions"}],"predecessor-version":[{"id":305485,"href":"https:\/\/sandrinedelage.com\/index.php?rest_route=\/wp\/v2\/pages\/305463\/revisions\/305485"}],"wp:attachment":[{"href":"https:\/\/sandrinedelage.com\/index.php?rest_route=%2Fwp%2Fv2%2Fmedia&parent=305463"}],"curies":[{"name":"wp","href":"https:\/\/api.w.org\/{rel}","templated":true}]}}