{"id":305471,"date":"2023-10-03T10:05:39","date_gmt":"2023-10-03T09:05:39","guid":{"rendered":"http:\/\/sandrinedelage.com\/?page_id=305471"},"modified":"2023-10-03T16:49:40","modified_gmt":"2023-10-03T15:49:40","slug":"305471-2","status":"publish","type":"page","link":"https:\/\/sandrinedelage.com\/?page_id=305471","title":{"rendered":"ACTUALITES"},"content":{"rendered":"<ul class=\"wp-block-latest-posts__list is-grid columns-3 has-link-color wp-elements-2d2b0186ab5e4c300345ae3b5bda3b6a wp-block-latest-posts has-text-color has-contrast-color\"><li><a class=\"wp-block-latest-posts__post-title\" href=\"https:\/\/sandrinedelage.com\/?p=305925\">INTERIEUR JOUR &#8211; Nouvelle s\u00e9rie et 1\u00e8re Exposition \u00e0 Amiens<\/a><\/li>\n<li><a class=\"wp-block-latest-posts__post-title\" href=\"https:\/\/sandrinedelage.com\/?p=305760\">Back in Amiens &#8211; A partir du 30\/11\/2024<\/a><\/li>\n<li><a class=\"wp-block-latest-posts__post-title\" href=\"https:\/\/sandrinedelage.com\/?p=305753\">Festival des Hauts de France<\/a><\/li>\n<li><a class=\"wp-block-latest-posts__post-title\" href=\"https:\/\/sandrinedelage.com\/?p=305405\">Urbamoureuses \u00e0 Castelnaudary<\/a><\/li>\n<li><a class=\"wp-block-latest-posts__post-title\" href=\"https:\/\/sandrinedelage.com\/?p=305318\">Tomb\u00e9e au fond de la Piscine &#8211; Photo Fumel<\/a><\/li>\n<\/ul>","protected":false},"excerpt":{"rendered":"","protected":false},"author":1,"featured_media":0,"parent":0,"menu_order":0,"comment_status":"closed","ping_status":"closed","template":"","meta":{"footnotes":""},"class_list":["post-305471","page","type-page","status-publish","hentry"],"_links":{"self":[{"href":"https:\/\/sandrinedelage.com\/index.php?rest_route=\/wp\/v2\/pages\/305471","targetHints":{"allow":["GET"]}}],"collection":[{"href":"https:\/\/sandrinedelage.com\/index.php?rest_route=\/wp\/v2\/pages"}],"about":[{"href":"https:\/\/sandrinedelage.com\/index.php?rest_route=\/wp\/v2\/types\/page"}],"author":[{"embeddable":true,"href":"https:\/\/sandrinedelage.com\/index.php?rest_route=\/wp\/v2\/users\/1"}],"replies":[{"embeddable":true,"href":"https:\/\/sandrinedelage.com\/index.php?rest_route=%2Fwp%2Fv2%2Fcomments&post=305471"}],"version-history":[{"count":12,"href":"https:\/\/sandrinedelage.com\/index.php?rest_route=\/wp\/v2\/pages\/305471\/revisions"}],"predecessor-version":[{"id":305924,"href":"https:\/\/sandrinedelage.com\/index.php?rest_route=\/wp\/v2\/pages\/305471\/revisions\/305924"}],"wp:attachment":[{"href":"https:\/\/sandrinedelage.com\/index.php?rest_route=%2Fwp%2Fv2%2Fmedia&parent=305471"}],"curies":[{"name":"wp","href":"https:\/\/api.w.org\/{rel}","templated":true}]}}