{"id":305779,"date":"2024-12-12T20:58:06","date_gmt":"2024-12-12T19:58:06","guid":{"rendered":"https:\/\/sandrinedelage.com\/?page_id=305779"},"modified":"2025-10-28T13:05:33","modified_gmt":"2025-10-28T12:05:33","slug":"murmurales","status":"publish","type":"page","link":"https:\/\/sandrinedelage.com\/?page_id=305779","title":{"rendered":"MURMURALES"},"content":{"rendered":"\n<p>Les couleurs des murs ont un impact profond sur nos \u00e9motions et notre bien-\u00eatre. Elles cr\u00e9ent des ambiances qui peuvent transformer notre quotidien. Un doux bleu vous enveloppera de calme dans votre chambre, tandis qu&rsquo;un orange vibrant r\u00e9veillera l&rsquo;\u00e9nergie et l&rsquo;enthousiasme, id\u00e9al pour des espaces de jeux ou favoriser la cr\u00e9ativit\u00e9 au travail.<\/p>\n\n\n\n<p>La texture des fa\u00e7ades joue \u00e9galement un r\u00f4le essentiel. Un mur lisse et brillant para\u00eet contemporain, tandis qu&rsquo;un mur rugueux offre une sensation de chaleur et d&rsquo;accueil. Ensemble, la couleur et la texture permettent de personnaliser notre espace et de lui donner une dimension qui nous correspond vraiment.<\/p>\n\n\n\n<p>Il est important de se rappeler que les couleurs ont aussi des significations culturelles. Ainsi le vert \u00e9voque la nature, mais symbolise \u00e9galement la chance ou, dans d&rsquo;autres contextes, la jalousie. Ces nuances nous rappellent combien il est crucial d&rsquo;harmoniser notre environnement avec notre ressenti.<\/p>\n\n\n\n<p>Chaque choix de couleur, chaque nuance, est r\u00e9fl\u00e9chi. Elles ne sont pas l\u00e0 seulement pour embellir, elles nourrissent notre bien-\u00eatre et nos interactions. La chromath\u00e9rapie, qui explore les effets des couleurs sur notre \u00e9tat d&rsquo;esprit, souligne l&rsquo;importance de porter attention aux couleurs qui nous entourent. Cela nous invite \u00e0 appr\u00e9cier comment les choix de couleurs peuvent enrichir notre exp\u00e9rience. <\/p>\n\n\n\n<p>Ainsi, les murs de nos espaces ne sont pas que de simples structures ; ils narrent les histoires de nos vies.<br>Parfois impact\u00e9s par une f\u00ealure, une cavit\u00e9 et ils s&rsquo;agr\u00e9mentent d&rsquo;objets indirects tels plantes, ombres, r\u00e9seaux&#8230;.Murs de gouttereau, soutien, mitoyen, aveugle, porteur, tous murmurent une intrigue :<\/p>\n\n\n\n<p>Voici <strong>MURMURALES<\/strong>, ou comment ces diff\u00e9rents murs vous invitent \u00e0 creuser ces fa\u00e7ades qui rident et se patinent.<\/p>\n\n\n\n<figure class=\"wp-block-image size-full is-resized\"><img loading=\"lazy\" decoding=\"async\" width=\"1707\" height=\"2560\" src=\"https:\/\/sandrinedelage.com\/wp-content\/uploads\/2024\/12\/ADSCF4657-scaled.jpg\" alt=\"\" class=\"wp-image-305784\" style=\"width:650px;height:auto\"\/><figcaption class=\"wp-element-caption\">(c) Sandrine Delage<\/figcaption><\/figure>\n\n\n\n<figure class=\"wp-block-image size-large\"><img loading=\"lazy\" decoding=\"async\" width=\"1024\" height=\"683\" src=\"https:\/\/sandrinedelage.com\/wp-content\/uploads\/2024\/12\/ADSCF4936-1024x683.jpg\" alt=\"\" class=\"wp-image-305792\" srcset=\"https:\/\/sandrinedelage.com\/wp-content\/uploads\/2024\/12\/ADSCF4936-1024x683.jpg 1024w, https:\/\/sandrinedelage.com\/wp-content\/uploads\/2024\/12\/ADSCF4936-600x400.jpg 600w, https:\/\/sandrinedelage.com\/wp-content\/uploads\/2024\/12\/ADSCF4936-768x512.jpg 768w, https:\/\/sandrinedelage.com\/wp-content\/uploads\/2024\/12\/ADSCF4936-1536x1024.jpg 1536w, https:\/\/sandrinedelage.com\/wp-content\/uploads\/2024\/12\/ADSCF4936-2048x1365.jpg 2048w\" sizes=\"auto, (max-width: 1024px) 100vw, 1024px\" \/><figcaption class=\"wp-element-caption\">(c) Sandrine Delage<\/figcaption><\/figure>\n\n\n\n<figure class=\"wp-block-gallery has-nested-images columns-default is-cropped wp-block-gallery-1 is-layout-flex wp-block-gallery-is-layout-flex\">\n<figure class=\"wp-block-image size-large\"><img loading=\"lazy\" decoding=\"async\" width=\"683\" height=\"1024\" data-id=\"305794\" src=\"https:\/\/sandrinedelage.com\/wp-content\/uploads\/2024\/12\/ADSCF4941-683x1024.jpg\" alt=\"\" class=\"wp-image-305794\" srcset=\"https:\/\/sandrinedelage.com\/wp-content\/uploads\/2024\/12\/ADSCF4941-683x1024.jpg 683w, https:\/\/sandrinedelage.com\/wp-content\/uploads\/2024\/12\/ADSCF4941-400x600.jpg 400w, https:\/\/sandrinedelage.com\/wp-content\/uploads\/2024\/12\/ADSCF4941-768x1152.jpg 768w, https:\/\/sandrinedelage.com\/wp-content\/uploads\/2024\/12\/ADSCF4941-1024x1536.jpg 1024w, https:\/\/sandrinedelage.com\/wp-content\/uploads\/2024\/12\/ADSCF4941-1365x2048.jpg 1365w, https:\/\/sandrinedelage.com\/wp-content\/uploads\/2024\/12\/ADSCF4941-scaled.jpg 1707w\" sizes=\"auto, (max-width: 683px) 100vw, 683px\" \/><figcaption class=\"wp-element-caption\">(c) Sandrine Delage<\/figcaption><\/figure>\n\n\n\n<figure class=\"wp-block-image size-large\"><img loading=\"lazy\" decoding=\"async\" width=\"683\" height=\"1024\" data-id=\"305793\" src=\"https:\/\/sandrinedelage.com\/wp-content\/uploads\/2024\/12\/ADSCF4938-683x1024.jpg\" alt=\"\" class=\"wp-image-305793\" srcset=\"https:\/\/sandrinedelage.com\/wp-content\/uploads\/2024\/12\/ADSCF4938-683x1024.jpg 683w, https:\/\/sandrinedelage.com\/wp-content\/uploads\/2024\/12\/ADSCF4938-400x600.jpg 400w, https:\/\/sandrinedelage.com\/wp-content\/uploads\/2024\/12\/ADSCF4938-768x1152.jpg 768w, https:\/\/sandrinedelage.com\/wp-content\/uploads\/2024\/12\/ADSCF4938-1024x1536.jpg 1024w, https:\/\/sandrinedelage.com\/wp-content\/uploads\/2024\/12\/ADSCF4938-1365x2048.jpg 1365w, https:\/\/sandrinedelage.com\/wp-content\/uploads\/2024\/12\/ADSCF4938-scaled.jpg 1707w\" sizes=\"auto, (max-width: 683px) 100vw, 683px\" \/><figcaption class=\"wp-element-caption\">(c) Sandrine Delage<\/figcaption><\/figure>\n\n\n\n<figure class=\"wp-block-image size-large\"><img loading=\"lazy\" decoding=\"async\" width=\"1024\" height=\"683\" data-id=\"305791\" src=\"https:\/\/sandrinedelage.com\/wp-content\/uploads\/2024\/12\/ADSCF4755-1024x683.jpg\" alt=\"\" class=\"wp-image-305791\" srcset=\"https:\/\/sandrinedelage.com\/wp-content\/uploads\/2024\/12\/ADSCF4755-1024x683.jpg 1024w, https:\/\/sandrinedelage.com\/wp-content\/uploads\/2024\/12\/ADSCF4755-600x400.jpg 600w, https:\/\/sandrinedelage.com\/wp-content\/uploads\/2024\/12\/ADSCF4755-768x512.jpg 768w\" sizes=\"auto, (max-width: 1024px) 100vw, 1024px\" \/><figcaption class=\"wp-element-caption\">(c) Sandrine Delage<\/figcaption><\/figure>\n\n\n\n<figure class=\"wp-block-image size-large\"><img loading=\"lazy\" decoding=\"async\" width=\"1024\" height=\"683\" data-id=\"305790\" src=\"https:\/\/sandrinedelage.com\/wp-content\/uploads\/2024\/12\/ADSCF4750-1024x683.jpg\" alt=\"\" class=\"wp-image-305790\" srcset=\"https:\/\/sandrinedelage.com\/wp-content\/uploads\/2024\/12\/ADSCF4750-1024x683.jpg 1024w, https:\/\/sandrinedelage.com\/wp-content\/uploads\/2024\/12\/ADSCF4750-600x400.jpg 600w, https:\/\/sandrinedelage.com\/wp-content\/uploads\/2024\/12\/ADSCF4750-768x512.jpg 768w\" sizes=\"auto, (max-width: 1024px) 100vw, 1024px\" \/><figcaption class=\"wp-element-caption\">(c) Sandrine Delage<\/figcaption><\/figure>\n\n\n\n<figure class=\"wp-block-image size-large\"><img loading=\"lazy\" decoding=\"async\" width=\"683\" height=\"1024\" data-id=\"305789\" src=\"https:\/\/sandrinedelage.com\/wp-content\/uploads\/2024\/12\/ADSCF4738-683x1024.jpg\" alt=\"\" class=\"wp-image-305789\" srcset=\"https:\/\/sandrinedelage.com\/wp-content\/uploads\/2024\/12\/ADSCF4738-683x1024.jpg 683w, https:\/\/sandrinedelage.com\/wp-content\/uploads\/2024\/12\/ADSCF4738-400x600.jpg 400w, https:\/\/sandrinedelage.com\/wp-content\/uploads\/2024\/12\/ADSCF4738-768x1152.jpg 768w, https:\/\/sandrinedelage.com\/wp-content\/uploads\/2024\/12\/ADSCF4738-scaled.jpg 1707w\" sizes=\"auto, (max-width: 683px) 100vw, 683px\" \/><figcaption class=\"wp-element-caption\">(c) Sandrine Delage<\/figcaption><\/figure>\n\n\n\n<figure class=\"wp-block-image size-large\"><img loading=\"lazy\" decoding=\"async\" width=\"683\" height=\"1024\" data-id=\"305788\" src=\"https:\/\/sandrinedelage.com\/wp-content\/uploads\/2024\/12\/ADSCF4732-683x1024.jpg\" alt=\"\" class=\"wp-image-305788\" srcset=\"https:\/\/sandrinedelage.com\/wp-content\/uploads\/2024\/12\/ADSCF4732-683x1024.jpg 683w, https:\/\/sandrinedelage.com\/wp-content\/uploads\/2024\/12\/ADSCF4732-400x600.jpg 400w, https:\/\/sandrinedelage.com\/wp-content\/uploads\/2024\/12\/ADSCF4732-scaled.jpg 1707w\" sizes=\"auto, (max-width: 683px) 100vw, 683px\" \/><figcaption class=\"wp-element-caption\">(c) Sandrine Delage<\/figcaption><\/figure>\n\n\n\n<figure class=\"wp-block-image size-large\"><img loading=\"lazy\" decoding=\"async\" width=\"1707\" height=\"2560\" data-id=\"305787\" src=\"https:\/\/sandrinedelage.com\/wp-content\/uploads\/2024\/12\/ADSCF4700-scaled.jpg\" alt=\"\" class=\"wp-image-305787\"\/><figcaption class=\"wp-element-caption\">(c) Sandrine Delage<\/figcaption><\/figure>\n\n\n\n<figure class=\"wp-block-image size-large\"><img loading=\"lazy\" decoding=\"async\" width=\"683\" height=\"1024\" data-id=\"305777\" src=\"https:\/\/sandrinedelage.com\/wp-content\/uploads\/2024\/12\/ADSCF4641-683x1024.jpg\" alt=\"\" class=\"wp-image-305777\" srcset=\"https:\/\/sandrinedelage.com\/wp-content\/uploads\/2024\/12\/ADSCF4641-683x1024.jpg 683w, https:\/\/sandrinedelage.com\/wp-content\/uploads\/2024\/12\/ADSCF4641-400x600.jpg 400w, https:\/\/sandrinedelage.com\/wp-content\/uploads\/2024\/12\/ADSCF4641-768x1152.jpg 768w, https:\/\/sandrinedelage.com\/wp-content\/uploads\/2024\/12\/ADSCF4641-1024x1536.jpg 1024w, https:\/\/sandrinedelage.com\/wp-content\/uploads\/2024\/12\/ADSCF4641-1365x2048.jpg 1365w, https:\/\/sandrinedelage.com\/wp-content\/uploads\/2024\/12\/ADSCF4641-scaled.jpg 1707w\" sizes=\"auto, (max-width: 683px) 100vw, 683px\" \/><figcaption class=\"wp-element-caption\">(c) Sandrine Delage<\/figcaption><\/figure>\n\n\n\n<figure class=\"wp-block-image size-large\"><img loading=\"lazy\" decoding=\"async\" width=\"1024\" height=\"683\" data-id=\"305780\" src=\"https:\/\/sandrinedelage.com\/wp-content\/uploads\/2024\/12\/ADSCF4646-1024x683.jpg\" alt=\"\" class=\"wp-image-305780\" srcset=\"https:\/\/sandrinedelage.com\/wp-content\/uploads\/2024\/12\/ADSCF4646-1024x683.jpg 1024w, https:\/\/sandrinedelage.com\/wp-content\/uploads\/2024\/12\/ADSCF4646-600x400.jpg 600w, https:\/\/sandrinedelage.com\/wp-content\/uploads\/2024\/12\/ADSCF4646-768x512.jpg 768w\" sizes=\"auto, (max-width: 1024px) 100vw, 1024px\" \/><figcaption class=\"wp-element-caption\">(c) Sandrine Delage<\/figcaption><\/figure>\n\n\n\n<figure class=\"wp-block-image size-large\"><img loading=\"lazy\" decoding=\"async\" width=\"683\" height=\"1024\" data-id=\"305782\" src=\"https:\/\/sandrinedelage.com\/wp-content\/uploads\/2024\/12\/ADSCF4653-683x1024.jpg\" alt=\"\" class=\"wp-image-305782\" srcset=\"https:\/\/sandrinedelage.com\/wp-content\/uploads\/2024\/12\/ADSCF4653-683x1024.jpg 683w, https:\/\/sandrinedelage.com\/wp-content\/uploads\/2024\/12\/ADSCF4653-400x600.jpg 400w, https:\/\/sandrinedelage.com\/wp-content\/uploads\/2024\/12\/ADSCF4653-768x1152.jpg 768w, https:\/\/sandrinedelage.com\/wp-content\/uploads\/2024\/12\/ADSCF4653-scaled.jpg 1707w\" sizes=\"auto, (max-width: 683px) 100vw, 683px\" \/><figcaption class=\"wp-element-caption\">(c) Sandrine Delage<\/figcaption><\/figure>\n\n\n\n<figure class=\"wp-block-image size-large\"><img loading=\"lazy\" decoding=\"async\" width=\"683\" height=\"1024\" data-id=\"305776\" src=\"https:\/\/sandrinedelage.com\/wp-content\/uploads\/2024\/12\/ADSCF4636-683x1024.jpg\" alt=\"\" class=\"wp-image-305776\" srcset=\"https:\/\/sandrinedelage.com\/wp-content\/uploads\/2024\/12\/ADSCF4636-683x1024.jpg 683w, https:\/\/sandrinedelage.com\/wp-content\/uploads\/2024\/12\/ADSCF4636-400x600.jpg 400w, https:\/\/sandrinedelage.com\/wp-content\/uploads\/2024\/12\/ADSCF4636-768x1152.jpg 768w, https:\/\/sandrinedelage.com\/wp-content\/uploads\/2024\/12\/ADSCF4636-1024x1536.jpg 1024w, https:\/\/sandrinedelage.com\/wp-content\/uploads\/2024\/12\/ADSCF4636-1365x2048.jpg 1365w, https:\/\/sandrinedelage.com\/wp-content\/uploads\/2024\/12\/ADSCF4636-scaled.jpg 1707w\" sizes=\"auto, (max-width: 683px) 100vw, 683px\" \/><figcaption class=\"wp-element-caption\">(c) Sandrine Delage<\/figcaption><\/figure>\n\n\n\n<figure class=\"wp-block-image size-large\"><img decoding=\"async\" data-id=\"305785\" src=\"https:\/\/sandrinedelage.com\/wp-content\/uploads\/2024\/12\/ADSCF4664.jpg\" alt=\"\" class=\"wp-image-305785\"\/><figcaption class=\"wp-element-caption\">(c) Sandrine Delage<\/figcaption><\/figure>\n\n\n\n<figure class=\"wp-block-image size-large\"><img loading=\"lazy\" decoding=\"async\" width=\"1707\" height=\"2560\" data-id=\"305786\" src=\"https:\/\/sandrinedelage.com\/wp-content\/uploads\/2024\/12\/ADSCF4699-scaled.jpg\" alt=\"\" class=\"wp-image-305786\"\/><figcaption class=\"wp-element-caption\">(c) Sandrine Delage<\/figcaption><\/figure>\n\n\n\n<figure class=\"wp-block-image size-large\"><img loading=\"lazy\" decoding=\"async\" width=\"1024\" height=\"683\" data-id=\"305783\" src=\"https:\/\/sandrinedelage.com\/wp-content\/uploads\/2024\/12\/ADSCF4654-1024x683.jpg\" alt=\"\" class=\"wp-image-305783\" srcset=\"https:\/\/sandrinedelage.com\/wp-content\/uploads\/2024\/12\/ADSCF4654-1024x683.jpg 1024w, https:\/\/sandrinedelage.com\/wp-content\/uploads\/2024\/12\/ADSCF4654-600x400.jpg 600w, https:\/\/sandrinedelage.com\/wp-content\/uploads\/2024\/12\/ADSCF4654-768x512.jpg 768w\" sizes=\"auto, (max-width: 1024px) 100vw, 1024px\" \/><\/figure>\n<\/figure>\n\n\n\n<figure class=\"wp-block-image size-large\"><img loading=\"lazy\" decoding=\"async\" width=\"683\" height=\"1024\" src=\"https:\/\/sandrinedelage.com\/wp-content\/uploads\/2024\/12\/ADSCF4647-683x1024.jpg\" alt=\"\" class=\"wp-image-305781\" srcset=\"https:\/\/sandrinedelage.com\/wp-content\/uploads\/2024\/12\/ADSCF4647-683x1024.jpg 683w, https:\/\/sandrinedelage.com\/wp-content\/uploads\/2024\/12\/ADSCF4647-400x600.jpg 400w, https:\/\/sandrinedelage.com\/wp-content\/uploads\/2024\/12\/ADSCF4647-768x1152.jpg 768w, https:\/\/sandrinedelage.com\/wp-content\/uploads\/2024\/12\/ADSCF4647-scaled.jpg 1707w\" sizes=\"auto, (max-width: 683px) 100vw, 683px\" \/><figcaption class=\"wp-element-caption\">(c) Sandrine Delage<\/figcaption><\/figure>\n\n\n\n<figure class=\"wp-block-image size-large\"><img loading=\"lazy\" decoding=\"async\" width=\"683\" height=\"1024\" src=\"https:\/\/sandrinedelage.com\/wp-content\/uploads\/2024\/12\/ADSCF4643-683x1024.jpg\" alt=\"\" class=\"wp-image-305778\" srcset=\"https:\/\/sandrinedelage.com\/wp-content\/uploads\/2024\/12\/ADSCF4643-683x1024.jpg 683w, https:\/\/sandrinedelage.com\/wp-content\/uploads\/2024\/12\/ADSCF4643-400x600.jpg 400w, https:\/\/sandrinedelage.com\/wp-content\/uploads\/2024\/12\/ADSCF4643-768x1152.jpg 768w, https:\/\/sandrinedelage.com\/wp-content\/uploads\/2024\/12\/ADSCF4643-1024x1536.jpg 1024w, https:\/\/sandrinedelage.com\/wp-content\/uploads\/2024\/12\/ADSCF4643-1365x2048.jpg 1365w, https:\/\/sandrinedelage.com\/wp-content\/uploads\/2024\/12\/ADSCF4643-scaled.jpg 1707w\" sizes=\"auto, (max-width: 683px) 100vw, 683px\" \/><figcaption class=\"wp-element-caption\">(c) Sandrine Delage<\/figcaption><\/figure>\n\n\n\n<p><\/p>\n","protected":false},"excerpt":{"rendered":"<p>Les couleurs des murs ont un impact profond sur nos \u00e9motions et notre bien-\u00eatre. Elles cr\u00e9ent des ambiances qui peuvent transformer notre quotidien. Un doux bleu vous enveloppera de calme dans votre chambre, tandis qu&rsquo;un orange vibrant r\u00e9veillera l&rsquo;\u00e9nergie et l&rsquo;enthousiasme, id\u00e9al pour des espaces de jeux ou favoriser la cr\u00e9ativit\u00e9 au travail. La texture [&hellip;]<\/p>\n","protected":false},"author":1,"featured_media":305778,"parent":0,"menu_order":0,"comment_status":"closed","ping_status":"closed","template":"","meta":{"footnotes":""},"class_list":["post-305779","page","type-page","status-publish","has-post-thumbnail","hentry"],"_links":{"self":[{"href":"https:\/\/sandrinedelage.com\/index.php?rest_route=\/wp\/v2\/pages\/305779","targetHints":{"allow":["GET"]}}],"collection":[{"href":"https:\/\/sandrinedelage.com\/index.php?rest_route=\/wp\/v2\/pages"}],"about":[{"href":"https:\/\/sandrinedelage.com\/index.php?rest_route=\/wp\/v2\/types\/page"}],"author":[{"embeddable":true,"href":"https:\/\/sandrinedelage.com\/index.php?rest_route=\/wp\/v2\/users\/1"}],"replies":[{"embeddable":true,"href":"https:\/\/sandrinedelage.com\/index.php?rest_route=%2Fwp%2Fv2%2Fcomments&post=305779"}],"version-history":[{"count":27,"href":"https:\/\/sandrinedelage.com\/index.php?rest_route=\/wp\/v2\/pages\/305779\/revisions"}],"predecessor-version":[{"id":305936,"href":"https:\/\/sandrinedelage.com\/index.php?rest_route=\/wp\/v2\/pages\/305779\/revisions\/305936"}],"wp:featuredmedia":[{"embeddable":true,"href":"https:\/\/sandrinedelage.com\/index.php?rest_route=\/wp\/v2\/media\/305778"}],"wp:attachment":[{"href":"https:\/\/sandrinedelage.com\/index.php?rest_route=%2Fwp%2Fv2%2Fmedia&parent=305779"}],"curies":[{"name":"wp","href":"https:\/\/api.w.org\/{rel}","templated":true}]}}