{"id":305867,"date":"2025-09-03T16:38:13","date_gmt":"2025-09-03T15:38:13","guid":{"rendered":"https:\/\/sandrinedelage.com\/?page_id=305867"},"modified":"2025-09-04T13:41:47","modified_gmt":"2025-09-04T12:41:47","slug":"interieur-jour","status":"publish","type":"page","link":"https:\/\/sandrinedelage.com\/?page_id=305867","title":{"rendered":"INTERIEUR JOUR"},"content":{"rendered":"\n<p>Int\u00e9rieur jour est une invitation dans un espace intime : celui du quotidien, de l\u2019apr\u00e8s et de la r\u00e9silience.<\/p>\n\n\n\n<p>Bien que pudique, cette s\u00e9rie photographique, explore et r\u00e9v\u00e8le les traces de ces gestes simples, ces objets familiers, ces absences qui parlent autant que les pr\u00e9sences.<br>R\u00e9alis\u00e9 dans un moment de transition, ce travail illustre un cheminement int\u00e9rieur. Les images racontent en creux l&rsquo;abandon des choses et l&rsquo;ouverture de lueurs feutr\u00e9es.<br>Le regard port\u00e9 sur ces sc\u00e8nes est doux, jamais intrusif. Il r\u00e9v\u00e8le sans imposer, sugg\u00e8re sans expliquer. Les v\u00eatements et accessoires sem\u00e9s ici et l\u00e0, les draps froiss\u00e9s, les \u00e9clats sur les murs deviennent les t\u00e9moins silencieux d\u2019une vie en mouvement.<\/p>\n\n\n\n<p>Int\u00e9rieur jour effectue une travers\u00e9e du sombre vers la lumi\u00e8re, du chaos \u00e9motionnel vers l\u2019apaisement. C\u2019est une d\u00e9claration discr\u00e8te, une mani\u00e8re de se retrouver dans la sensibilit\u00e9 de l&rsquo;ordinaire, dans ses pauses et dans ses d\u00e9tails.<br><\/p>\n\n\n\n<div class=\"wp-block-group is-content-justification-center is-layout-flex wp-container-core-group-is-layout-b02886af wp-block-group-is-layout-flex\">\n<div class=\"wp-block-columns is-layout-flex wp-container-core-columns-is-layout-28f84493 wp-block-columns-is-layout-flex\">\n<div class=\"wp-block-column is-layout-flow wp-block-column-is-layout-flow\" style=\"flex-basis:100%\">\n<figure class=\"wp-block-gallery has-nested-images columns-default is-cropped wp-block-gallery-1 is-layout-flex wp-block-gallery-is-layout-flex\">\n<figure class=\"wp-block-image size-large\"><img loading=\"lazy\" decoding=\"async\" width=\"2560\" height=\"1707\" data-id=\"305859\" src=\"https:\/\/sandrinedelage.com\/wp-content\/uploads\/2023\/10\/20250804-DSCF0040-scaled.jpg\" alt=\"\" class=\"wp-image-305859\"\/><\/figure>\n\n\n\n<figure class=\"wp-block-image size-large\"><img loading=\"lazy\" decoding=\"async\" width=\"1024\" height=\"684\" data-id=\"305877\" src=\"https:\/\/sandrinedelage.com\/wp-content\/uploads\/2025\/09\/20250902-DSCF0109-Copie-1024x684.jpg\" alt=\"\" class=\"wp-image-305877\" srcset=\"https:\/\/sandrinedelage.com\/wp-content\/uploads\/2025\/09\/20250902-DSCF0109-Copie-1024x684.jpg 1024w, https:\/\/sandrinedelage.com\/wp-content\/uploads\/2025\/09\/20250902-DSCF0109-Copie-600x401.jpg 600w, https:\/\/sandrinedelage.com\/wp-content\/uploads\/2025\/09\/20250902-DSCF0109-Copie-768x513.jpg 768w, https:\/\/sandrinedelage.com\/wp-content\/uploads\/2025\/09\/20250902-DSCF0109-Copie-1536x1026.jpg 1536w, https:\/\/sandrinedelage.com\/wp-content\/uploads\/2025\/09\/20250902-DSCF0109-Copie-2048x1368.jpg 2048w\" sizes=\"auto, (max-width: 1024px) 100vw, 1024px\" \/><\/figure>\n\n\n\n<figure class=\"wp-block-image size-large\"><img loading=\"lazy\" decoding=\"async\" width=\"1024\" height=\"666\" data-id=\"305875\" src=\"https:\/\/sandrinedelage.com\/wp-content\/uploads\/2025\/09\/20250812-DSCF0136-1024x666.jpg\" alt=\"\" class=\"wp-image-305875\" srcset=\"https:\/\/sandrinedelage.com\/wp-content\/uploads\/2025\/09\/20250812-DSCF0136-1024x666.jpg 1024w, https:\/\/sandrinedelage.com\/wp-content\/uploads\/2025\/09\/20250812-DSCF0136-600x390.jpg 600w, https:\/\/sandrinedelage.com\/wp-content\/uploads\/2025\/09\/20250812-DSCF0136-768x499.jpg 768w, https:\/\/sandrinedelage.com\/wp-content\/uploads\/2025\/09\/20250812-DSCF0136-1536x999.jpg 1536w, https:\/\/sandrinedelage.com\/wp-content\/uploads\/2025\/09\/20250812-DSCF0136-2048x1332.jpg 2048w\" sizes=\"auto, (max-width: 1024px) 100vw, 1024px\" \/><\/figure>\n\n\n\n<figure class=\"wp-block-image size-large\"><img loading=\"lazy\" decoding=\"async\" width=\"1024\" height=\"684\" data-id=\"305876\" src=\"https:\/\/sandrinedelage.com\/wp-content\/uploads\/2025\/09\/20250902-DSCF0099-Copie-1024x684.jpg\" alt=\"\" class=\"wp-image-305876\" srcset=\"https:\/\/sandrinedelage.com\/wp-content\/uploads\/2025\/09\/20250902-DSCF0099-Copie-1024x684.jpg 1024w, https:\/\/sandrinedelage.com\/wp-content\/uploads\/2025\/09\/20250902-DSCF0099-Copie-600x401.jpg 600w, https:\/\/sandrinedelage.com\/wp-content\/uploads\/2025\/09\/20250902-DSCF0099-Copie-768x513.jpg 768w, https:\/\/sandrinedelage.com\/wp-content\/uploads\/2025\/09\/20250902-DSCF0099-Copie-1536x1026.jpg 1536w, https:\/\/sandrinedelage.com\/wp-content\/uploads\/2025\/09\/20250902-DSCF0099-Copie-2048x1368.jpg 2048w\" sizes=\"auto, (max-width: 1024px) 100vw, 1024px\" \/><\/figure>\n\n\n\n<figure class=\"wp-block-image size-large\"><img loading=\"lazy\" decoding=\"async\" width=\"683\" height=\"1024\" data-id=\"305869\" src=\"https:\/\/sandrinedelage.com\/wp-content\/uploads\/2025\/09\/20250805-DSCF0042-Copie-Copie-683x1024.jpg\" alt=\"\" class=\"wp-image-305869\" srcset=\"https:\/\/sandrinedelage.com\/wp-content\/uploads\/2025\/09\/20250805-DSCF0042-Copie-Copie-683x1024.jpg 683w, https:\/\/sandrinedelage.com\/wp-content\/uploads\/2025\/09\/20250805-DSCF0042-Copie-Copie-400x600.jpg 400w, https:\/\/sandrinedelage.com\/wp-content\/uploads\/2025\/09\/20250805-DSCF0042-Copie-Copie-768x1152.jpg 768w, https:\/\/sandrinedelage.com\/wp-content\/uploads\/2025\/09\/20250805-DSCF0042-Copie-Copie-1024x1536.jpg 1024w, https:\/\/sandrinedelage.com\/wp-content\/uploads\/2025\/09\/20250805-DSCF0042-Copie-Copie-1365x2048.jpg 1365w, https:\/\/sandrinedelage.com\/wp-content\/uploads\/2025\/09\/20250805-DSCF0042-Copie-Copie-scaled.jpg 1707w\" sizes=\"auto, (max-width: 683px) 100vw, 683px\" \/><\/figure>\n\n\n\n<figure class=\"wp-block-image size-large\"><img loading=\"lazy\" decoding=\"async\" width=\"683\" height=\"1024\" data-id=\"305889\" src=\"https:\/\/sandrinedelage.com\/wp-content\/uploads\/2025\/09\/20250816-DSCF0170-copie-683x1024.jpg\" alt=\"\" class=\"wp-image-305889\" srcset=\"https:\/\/sandrinedelage.com\/wp-content\/uploads\/2025\/09\/20250816-DSCF0170-copie-683x1024.jpg 683w, https:\/\/sandrinedelage.com\/wp-content\/uploads\/2025\/09\/20250816-DSCF0170-copie-400x600.jpg 400w, https:\/\/sandrinedelage.com\/wp-content\/uploads\/2025\/09\/20250816-DSCF0170-copie-768x1152.jpg 768w, https:\/\/sandrinedelage.com\/wp-content\/uploads\/2025\/09\/20250816-DSCF0170-copie-1024x1536.jpg 1024w, https:\/\/sandrinedelage.com\/wp-content\/uploads\/2025\/09\/20250816-DSCF0170-copie-1365x2048.jpg 1365w, https:\/\/sandrinedelage.com\/wp-content\/uploads\/2025\/09\/20250816-DSCF0170-copie-scaled.jpg 1707w\" sizes=\"auto, (max-width: 683px) 100vw, 683px\" \/><\/figure>\n\n\n\n<figure class=\"wp-block-image size-large\"><img loading=\"lazy\" decoding=\"async\" width=\"1024\" height=\"684\" data-id=\"305865\" src=\"https:\/\/sandrinedelage.com\/wp-content\/uploads\/2023\/10\/20250902-DSCF0145-Copie-1024x684.jpg\" alt=\"\" class=\"wp-image-305865\" srcset=\"https:\/\/sandrinedelage.com\/wp-content\/uploads\/2023\/10\/20250902-DSCF0145-Copie-1024x684.jpg 1024w, https:\/\/sandrinedelage.com\/wp-content\/uploads\/2023\/10\/20250902-DSCF0145-Copie-600x401.jpg 600w, https:\/\/sandrinedelage.com\/wp-content\/uploads\/2023\/10\/20250902-DSCF0145-Copie-768x513.jpg 768w, https:\/\/sandrinedelage.com\/wp-content\/uploads\/2023\/10\/20250902-DSCF0145-Copie-1536x1026.jpg 1536w, https:\/\/sandrinedelage.com\/wp-content\/uploads\/2023\/10\/20250902-DSCF0145-Copie-2048x1368.jpg 2048w\" sizes=\"auto, (max-width: 1024px) 100vw, 1024px\" \/><\/figure>\n\n\n\n<figure class=\"wp-block-image size-large\"><img decoding=\"async\" data-id=\"305864\" src=\"https:\/\/sandrinedelage.com\/wp-content\/uploads\/2023\/10\/20250807-DSCF0047.jpg\" alt=\"\" class=\"wp-image-305864\"\/><\/figure>\n\n\n\n<figure class=\"wp-block-image size-large\"><img decoding=\"async\" data-id=\"305863\" src=\"https:\/\/sandrinedelage.com\/wp-content\/uploads\/2023\/10\/20250811-DSCF0098.jpg\" alt=\"\" class=\"wp-image-305863\"\/><\/figure>\n\n\n\n<figure class=\"wp-block-image size-large\"><img loading=\"lazy\" decoding=\"async\" width=\"1024\" height=\"683\" data-id=\"305873\" src=\"https:\/\/sandrinedelage.com\/wp-content\/uploads\/2025\/09\/20250812-DSCF0121-Copie-Copie-1024x683.jpg\" alt=\"\" class=\"wp-image-305873\" srcset=\"https:\/\/sandrinedelage.com\/wp-content\/uploads\/2025\/09\/20250812-DSCF0121-Copie-Copie-1024x683.jpg 1024w, https:\/\/sandrinedelage.com\/wp-content\/uploads\/2025\/09\/20250812-DSCF0121-Copie-Copie-600x400.jpg 600w, https:\/\/sandrinedelage.com\/wp-content\/uploads\/2025\/09\/20250812-DSCF0121-Copie-Copie-768x512.jpg 768w, https:\/\/sandrinedelage.com\/wp-content\/uploads\/2025\/09\/20250812-DSCF0121-Copie-Copie-1536x1024.jpg 1536w, https:\/\/sandrinedelage.com\/wp-content\/uploads\/2025\/09\/20250812-DSCF0121-Copie-Copie-2048x1365.jpg 2048w\" sizes=\"auto, (max-width: 1024px) 100vw, 1024px\" \/><\/figure>\n\n\n\n<figure class=\"wp-block-image size-large\"><img decoding=\"async\" data-id=\"305862\" src=\"https:\/\/sandrinedelage.com\/wp-content\/uploads\/2023\/10\/20250810-DSCF0089.jpg\" alt=\"\" class=\"wp-image-305862\"\/><\/figure>\n\n\n\n<figure class=\"wp-block-image size-large\"><img loading=\"lazy\" decoding=\"async\" width=\"1024\" height=\"683\" data-id=\"305874\" src=\"https:\/\/sandrinedelage.com\/wp-content\/uploads\/2025\/09\/20250812-DSCF0126-Copie-1024x683.jpg\" alt=\"\" class=\"wp-image-305874\" srcset=\"https:\/\/sandrinedelage.com\/wp-content\/uploads\/2025\/09\/20250812-DSCF0126-Copie-1024x683.jpg 1024w, https:\/\/sandrinedelage.com\/wp-content\/uploads\/2025\/09\/20250812-DSCF0126-Copie-600x400.jpg 600w, https:\/\/sandrinedelage.com\/wp-content\/uploads\/2025\/09\/20250812-DSCF0126-Copie-768x512.jpg 768w, https:\/\/sandrinedelage.com\/wp-content\/uploads\/2025\/09\/20250812-DSCF0126-Copie-1536x1024.jpg 1536w, https:\/\/sandrinedelage.com\/wp-content\/uploads\/2025\/09\/20250812-DSCF0126-Copie-2048x1365.jpg 2048w\" sizes=\"auto, (max-width: 1024px) 100vw, 1024px\" \/><\/figure>\n\n\n\n<figure class=\"wp-block-image size-large\"><img loading=\"lazy\" decoding=\"async\" width=\"683\" height=\"1024\" data-id=\"305861\" src=\"https:\/\/sandrinedelage.com\/wp-content\/uploads\/2023\/10\/Vrobe-683x1024.jpg\" alt=\"\" class=\"wp-image-305861\" srcset=\"https:\/\/sandrinedelage.com\/wp-content\/uploads\/2023\/10\/Vrobe-683x1024.jpg 683w, https:\/\/sandrinedelage.com\/wp-content\/uploads\/2023\/10\/Vrobe-400x600.jpg 400w, https:\/\/sandrinedelage.com\/wp-content\/uploads\/2023\/10\/Vrobe-768x1152.jpg 768w, https:\/\/sandrinedelage.com\/wp-content\/uploads\/2023\/10\/Vrobe-1024x1536.jpg 1024w, https:\/\/sandrinedelage.com\/wp-content\/uploads\/2023\/10\/Vrobe-1365x2048.jpg 1365w, https:\/\/sandrinedelage.com\/wp-content\/uploads\/2023\/10\/Vrobe-scaled.jpg 1707w\" sizes=\"auto, (max-width: 683px) 100vw, 683px\" \/><\/figure>\n\n\n\n<figure class=\"wp-block-image size-large\"><img loading=\"lazy\" decoding=\"async\" width=\"1024\" height=\"683\" data-id=\"305871\" src=\"https:\/\/sandrinedelage.com\/wp-content\/uploads\/2025\/09\/20250809-DSCF0071-Copie-1024x683.jpg\" alt=\"\" class=\"wp-image-305871\" srcset=\"https:\/\/sandrinedelage.com\/wp-content\/uploads\/2025\/09\/20250809-DSCF0071-Copie-1024x683.jpg 1024w, https:\/\/sandrinedelage.com\/wp-content\/uploads\/2025\/09\/20250809-DSCF0071-Copie-600x400.jpg 600w, https:\/\/sandrinedelage.com\/wp-content\/uploads\/2025\/09\/20250809-DSCF0071-Copie-768x512.jpg 768w, https:\/\/sandrinedelage.com\/wp-content\/uploads\/2025\/09\/20250809-DSCF0071-Copie-1536x1025.jpg 1536w, https:\/\/sandrinedelage.com\/wp-content\/uploads\/2025\/09\/20250809-DSCF0071-Copie-2048x1366.jpg 2048w\" sizes=\"auto, (max-width: 1024px) 100vw, 1024px\" \/><\/figure>\n\n\n\n<figure class=\"wp-block-image size-large\"><img loading=\"lazy\" decoding=\"async\" width=\"683\" height=\"1024\" data-id=\"305872\" src=\"https:\/\/sandrinedelage.com\/wp-content\/uploads\/2025\/09\/20250809-DSCF0076-683x1024.jpg\" alt=\"\" class=\"wp-image-305872\" srcset=\"https:\/\/sandrinedelage.com\/wp-content\/uploads\/2025\/09\/20250809-DSCF0076-683x1024.jpg 683w, https:\/\/sandrinedelage.com\/wp-content\/uploads\/2025\/09\/20250809-DSCF0076-400x600.jpg 400w, https:\/\/sandrinedelage.com\/wp-content\/uploads\/2025\/09\/20250809-DSCF0076-768x1152.jpg 768w, https:\/\/sandrinedelage.com\/wp-content\/uploads\/2025\/09\/20250809-DSCF0076-1024x1536.jpg 1024w, https:\/\/sandrinedelage.com\/wp-content\/uploads\/2025\/09\/20250809-DSCF0076-1365x2048.jpg 1365w, https:\/\/sandrinedelage.com\/wp-content\/uploads\/2025\/09\/20250809-DSCF0076-scaled.jpg 1707w\" sizes=\"auto, (max-width: 683px) 100vw, 683px\" \/><\/figure>\n\n\n\n<figure class=\"wp-block-image size-large\"><img loading=\"lazy\" decoding=\"async\" width=\"1024\" height=\"683\" data-id=\"305870\" src=\"https:\/\/sandrinedelage.com\/wp-content\/uploads\/2025\/09\/20250809-DSCF0069-1024x683.jpg\" alt=\"\" class=\"wp-image-305870\" srcset=\"https:\/\/sandrinedelage.com\/wp-content\/uploads\/2025\/09\/20250809-DSCF0069-1024x683.jpg 1024w, https:\/\/sandrinedelage.com\/wp-content\/uploads\/2025\/09\/20250809-DSCF0069-600x400.jpg 600w, https:\/\/sandrinedelage.com\/wp-content\/uploads\/2025\/09\/20250809-DSCF0069-768x512.jpg 768w, https:\/\/sandrinedelage.com\/wp-content\/uploads\/2025\/09\/20250809-DSCF0069-1536x1024.jpg 1536w, https:\/\/sandrinedelage.com\/wp-content\/uploads\/2025\/09\/20250809-DSCF0069-2048x1365.jpg 2048w\" sizes=\"auto, (max-width: 1024px) 100vw, 1024px\" \/><\/figure>\n\n\n\n<figure class=\"wp-block-image size-large\"><img loading=\"lazy\" decoding=\"async\" width=\"2560\" height=\"1707\" data-id=\"305860\" src=\"https:\/\/sandrinedelage.com\/wp-content\/uploads\/2023\/10\/20250809-DSCF0061-scaled.jpg\" alt=\"\" class=\"wp-image-305860\" srcset=\"https:\/\/sandrinedelage.com\/wp-content\/uploads\/2023\/10\/20250809-DSCF0061-scaled.jpg 2560w, https:\/\/sandrinedelage.com\/wp-content\/uploads\/2023\/10\/20250809-DSCF0061-600x400.jpg 600w\" sizes=\"auto, (max-width: 2560px) 100vw, 2560px\" \/><\/figure>\n<\/figure>\n<\/div>\n<\/div>\n<\/div>\n\n\n\n<p><\/p>\n","protected":false},"excerpt":{"rendered":"<p>Int\u00e9rieur jour est une invitation dans un espace intime : celui du quotidien, de l\u2019apr\u00e8s et de la r\u00e9silience. Bien que pudique, cette s\u00e9rie photographique, explore et r\u00e9v\u00e8le les traces de ces gestes simples, ces objets familiers, ces absences qui parlent autant que les pr\u00e9sences.R\u00e9alis\u00e9 dans un moment de transition, ce travail illustre un cheminement [&hellip;]<\/p>\n","protected":false},"author":1,"featured_media":305860,"parent":0,"menu_order":0,"comment_status":"closed","ping_status":"closed","template":"","meta":{"footnotes":""},"class_list":["post-305867","page","type-page","status-publish","has-post-thumbnail","hentry"],"_links":{"self":[{"href":"https:\/\/sandrinedelage.com\/index.php?rest_route=\/wp\/v2\/pages\/305867","targetHints":{"allow":["GET"]}}],"collection":[{"href":"https:\/\/sandrinedelage.com\/index.php?rest_route=\/wp\/v2\/pages"}],"about":[{"href":"https:\/\/sandrinedelage.com\/index.php?rest_route=\/wp\/v2\/types\/page"}],"author":[{"embeddable":true,"href":"https:\/\/sandrinedelage.com\/index.php?rest_route=\/wp\/v2\/users\/1"}],"replies":[{"embeddable":true,"href":"https:\/\/sandrinedelage.com\/index.php?rest_route=%2Fwp%2Fv2%2Fcomments&post=305867"}],"version-history":[{"count":15,"href":"https:\/\/sandrinedelage.com\/index.php?rest_route=\/wp\/v2\/pages\/305867\/revisions"}],"predecessor-version":[{"id":305897,"href":"https:\/\/sandrinedelage.com\/index.php?rest_route=\/wp\/v2\/pages\/305867\/revisions\/305897"}],"wp:featuredmedia":[{"embeddable":true,"href":"https:\/\/sandrinedelage.com\/index.php?rest_route=\/wp\/v2\/media\/305860"}],"wp:attachment":[{"href":"https:\/\/sandrinedelage.com\/index.php?rest_route=%2Fwp%2Fv2%2Fmedia&parent=305867"}],"curies":[{"name":"wp","href":"https:\/\/api.w.org\/{rel}","templated":true}]}}