{"id":305912,"date":"2025-09-05T19:15:49","date_gmt":"2025-09-05T18:15:49","guid":{"rendered":"https:\/\/sandrinedelage.com\/?page_id=305912"},"modified":"2025-09-08T10:58:19","modified_gmt":"2025-09-08T09:58:19","slug":"yellow-batz","status":"publish","type":"page","link":"https:\/\/sandrinedelage.com\/?page_id=305912","title":{"rendered":"YELLOW BATZ"},"content":{"rendered":"\n<p>Sur la Plage Saint Michel, vous pouvez d\u00e9poser durant l&rsquo;\u00e9t\u00e9 votre petite cabine de bain d\u00e9montable, qui prendra place sur un des cent emplacements lou\u00e9s par l&rsquo;Office du tourisme de Batz sur Mer.<br>Avec ses toitures \u00e0 une pente ou \u00e0 double pente, l&rsquo;ensemble des cabines respectent les m\u00eames r\u00e8gles : s&rsquo;attacher au rempart, avoir une emprise inf\u00e9rieure au m\u00b2 et une hauteur de fa\u00eetage normalis\u00e9e et \u00eatre faites en bois.<br>Mais la r\u00e8gle num\u00e9ro 1 est de se parer de jaune pour offrir ce si beau contraste primaire avec le bleu du ciel de Loire-Atlantique.<br>Retour \u00e0 la Belle Epoque, pour un bain rafra\u00eechissant !<\/p>\n\n\n\n<figure class=\"wp-block-gallery has-nested-images columns-default is-cropped wp-block-gallery-1 is-layout-flex wp-block-gallery-is-layout-flex\">\n<figure class=\"wp-block-image size-large\"><img loading=\"lazy\" decoding=\"async\" width=\"683\" height=\"1024\" data-id=\"305899\" src=\"https:\/\/sandrinedelage.com\/wp-content\/uploads\/2025\/09\/20250815-DSCF0148-683x1024.jpg\" alt=\"\" class=\"wp-image-305899\" srcset=\"https:\/\/sandrinedelage.com\/wp-content\/uploads\/2025\/09\/20250815-DSCF0148-683x1024.jpg 683w, https:\/\/sandrinedelage.com\/wp-content\/uploads\/2025\/09\/20250815-DSCF0148-400x600.jpg 400w, https:\/\/sandrinedelage.com\/wp-content\/uploads\/2025\/09\/20250815-DSCF0148-768x1152.jpg 768w, https:\/\/sandrinedelage.com\/wp-content\/uploads\/2025\/09\/20250815-DSCF0148-1024x1536.jpg 1024w, https:\/\/sandrinedelage.com\/wp-content\/uploads\/2025\/09\/20250815-DSCF0148-1365x2048.jpg 1365w, https:\/\/sandrinedelage.com\/wp-content\/uploads\/2025\/09\/20250815-DSCF0148-scaled.jpg 1707w\" sizes=\"auto, (max-width: 683px) 100vw, 683px\" \/><\/figure>\n\n\n\n<figure class=\"wp-block-image size-large\"><img loading=\"lazy\" decoding=\"async\" width=\"1024\" height=\"683\" data-id=\"305902\" src=\"https:\/\/sandrinedelage.com\/wp-content\/uploads\/2025\/09\/20250815-DSCF0152-1024x683.jpg\" alt=\"\" class=\"wp-image-305902\" srcset=\"https:\/\/sandrinedelage.com\/wp-content\/uploads\/2025\/09\/20250815-DSCF0152-1024x683.jpg 1024w, https:\/\/sandrinedelage.com\/wp-content\/uploads\/2025\/09\/20250815-DSCF0152-600x400.jpg 600w, https:\/\/sandrinedelage.com\/wp-content\/uploads\/2025\/09\/20250815-DSCF0152-768x512.jpg 768w, https:\/\/sandrinedelage.com\/wp-content\/uploads\/2025\/09\/20250815-DSCF0152-1536x1024.jpg 1536w, https:\/\/sandrinedelage.com\/wp-content\/uploads\/2025\/09\/20250815-DSCF0152-2048x1365.jpg 2048w\" sizes=\"auto, (max-width: 1024px) 100vw, 1024px\" \/><\/figure>\n\n\n\n<figure class=\"wp-block-image size-large\"><img loading=\"lazy\" decoding=\"async\" width=\"1024\" height=\"685\" data-id=\"305907\" src=\"https:\/\/sandrinedelage.com\/wp-content\/uploads\/2025\/09\/20250815-DSCF0157-1024x685.jpg\" alt=\"\" class=\"wp-image-305907\" srcset=\"https:\/\/sandrinedelage.com\/wp-content\/uploads\/2025\/09\/20250815-DSCF0157-1024x685.jpg 1024w, https:\/\/sandrinedelage.com\/wp-content\/uploads\/2025\/09\/20250815-DSCF0157-600x401.jpg 600w, https:\/\/sandrinedelage.com\/wp-content\/uploads\/2025\/09\/20250815-DSCF0157-768x514.jpg 768w, https:\/\/sandrinedelage.com\/wp-content\/uploads\/2025\/09\/20250815-DSCF0157-1536x1027.jpg 1536w, https:\/\/sandrinedelage.com\/wp-content\/uploads\/2025\/09\/20250815-DSCF0157-2048x1370.jpg 2048w\" sizes=\"auto, (max-width: 1024px) 100vw, 1024px\" \/><\/figure>\n\n\n\n<figure class=\"wp-block-image size-large\"><img loading=\"lazy\" decoding=\"async\" width=\"1024\" height=\"683\" data-id=\"305898\" src=\"https:\/\/sandrinedelage.com\/wp-content\/uploads\/2025\/09\/20250810-DSCF0081-1024x683.jpg\" alt=\"\" class=\"wp-image-305898\" srcset=\"https:\/\/sandrinedelage.com\/wp-content\/uploads\/2025\/09\/20250810-DSCF0081-1024x683.jpg 1024w, https:\/\/sandrinedelage.com\/wp-content\/uploads\/2025\/09\/20250810-DSCF0081-600x400.jpg 600w, https:\/\/sandrinedelage.com\/wp-content\/uploads\/2025\/09\/20250810-DSCF0081-768x512.jpg 768w, https:\/\/sandrinedelage.com\/wp-content\/uploads\/2025\/09\/20250810-DSCF0081-1536x1024.jpg 1536w, https:\/\/sandrinedelage.com\/wp-content\/uploads\/2025\/09\/20250810-DSCF0081-2048x1365.jpg 2048w\" sizes=\"auto, (max-width: 1024px) 100vw, 1024px\" \/><\/figure>\n\n\n\n<figure class=\"wp-block-image size-large\"><img loading=\"lazy\" decoding=\"async\" width=\"1024\" height=\"683\" data-id=\"305905\" src=\"https:\/\/sandrinedelage.com\/wp-content\/uploads\/2025\/09\/20250815-DSCF0155-1024x683.jpg\" alt=\"\" class=\"wp-image-305905\" srcset=\"https:\/\/sandrinedelage.com\/wp-content\/uploads\/2025\/09\/20250815-DSCF0155-1024x683.jpg 1024w, https:\/\/sandrinedelage.com\/wp-content\/uploads\/2025\/09\/20250815-DSCF0155-600x400.jpg 600w, https:\/\/sandrinedelage.com\/wp-content\/uploads\/2025\/09\/20250815-DSCF0155-768x512.jpg 768w, https:\/\/sandrinedelage.com\/wp-content\/uploads\/2025\/09\/20250815-DSCF0155-1536x1024.jpg 1536w, https:\/\/sandrinedelage.com\/wp-content\/uploads\/2025\/09\/20250815-DSCF0155-2048x1365.jpg 2048w\" sizes=\"auto, (max-width: 1024px) 100vw, 1024px\" \/><\/figure>\n\n\n\n<figure class=\"wp-block-image size-large\"><img loading=\"lazy\" decoding=\"async\" width=\"1024\" height=\"683\" data-id=\"305901\" src=\"https:\/\/sandrinedelage.com\/wp-content\/uploads\/2025\/09\/20250815-DSCF0151-1024x683.jpg\" alt=\"\" class=\"wp-image-305901\" srcset=\"https:\/\/sandrinedelage.com\/wp-content\/uploads\/2025\/09\/20250815-DSCF0151-1024x683.jpg 1024w, https:\/\/sandrinedelage.com\/wp-content\/uploads\/2025\/09\/20250815-DSCF0151-600x400.jpg 600w, https:\/\/sandrinedelage.com\/wp-content\/uploads\/2025\/09\/20250815-DSCF0151-768x512.jpg 768w, https:\/\/sandrinedelage.com\/wp-content\/uploads\/2025\/09\/20250815-DSCF0151-1536x1024.jpg 1536w, https:\/\/sandrinedelage.com\/wp-content\/uploads\/2025\/09\/20250815-DSCF0151-2048x1365.jpg 2048w\" sizes=\"auto, (max-width: 1024px) 100vw, 1024px\" \/><\/figure>\n\n\n\n<figure class=\"wp-block-image size-large\"><img loading=\"lazy\" decoding=\"async\" width=\"683\" height=\"1024\" data-id=\"305906\" src=\"https:\/\/sandrinedelage.com\/wp-content\/uploads\/2025\/09\/20250815-DSCF0156-683x1024.jpg\" alt=\"\" class=\"wp-image-305906\" srcset=\"https:\/\/sandrinedelage.com\/wp-content\/uploads\/2025\/09\/20250815-DSCF0156-683x1024.jpg 683w, https:\/\/sandrinedelage.com\/wp-content\/uploads\/2025\/09\/20250815-DSCF0156-400x600.jpg 400w, https:\/\/sandrinedelage.com\/wp-content\/uploads\/2025\/09\/20250815-DSCF0156-768x1152.jpg 768w, https:\/\/sandrinedelage.com\/wp-content\/uploads\/2025\/09\/20250815-DSCF0156-1024x1536.jpg 1024w, https:\/\/sandrinedelage.com\/wp-content\/uploads\/2025\/09\/20250815-DSCF0156-1365x2048.jpg 1365w, https:\/\/sandrinedelage.com\/wp-content\/uploads\/2025\/09\/20250815-DSCF0156-scaled.jpg 1707w\" sizes=\"auto, (max-width: 683px) 100vw, 683px\" \/><\/figure>\n\n\n\n<figure class=\"wp-block-image size-large\"><img loading=\"lazy\" decoding=\"async\" width=\"683\" height=\"1024\" data-id=\"305904\" src=\"https:\/\/sandrinedelage.com\/wp-content\/uploads\/2025\/09\/20250815-DSCF0154-683x1024.jpg\" alt=\"\" class=\"wp-image-305904\" srcset=\"https:\/\/sandrinedelage.com\/wp-content\/uploads\/2025\/09\/20250815-DSCF0154-683x1024.jpg 683w, https:\/\/sandrinedelage.com\/wp-content\/uploads\/2025\/09\/20250815-DSCF0154-400x600.jpg 400w, https:\/\/sandrinedelage.com\/wp-content\/uploads\/2025\/09\/20250815-DSCF0154-768x1152.jpg 768w, https:\/\/sandrinedelage.com\/wp-content\/uploads\/2025\/09\/20250815-DSCF0154-1024x1536.jpg 1024w, https:\/\/sandrinedelage.com\/wp-content\/uploads\/2025\/09\/20250815-DSCF0154-1365x2048.jpg 1365w, https:\/\/sandrinedelage.com\/wp-content\/uploads\/2025\/09\/20250815-DSCF0154-scaled.jpg 1707w\" sizes=\"auto, (max-width: 683px) 100vw, 683px\" \/><\/figure>\n\n\n\n<figure class=\"wp-block-image size-large\"><img loading=\"lazy\" decoding=\"async\" width=\"683\" height=\"1024\" data-id=\"305908\" src=\"https:\/\/sandrinedelage.com\/wp-content\/uploads\/2025\/09\/20250815-DSCF0158-683x1024.jpg\" alt=\"\" class=\"wp-image-305908\" srcset=\"https:\/\/sandrinedelage.com\/wp-content\/uploads\/2025\/09\/20250815-DSCF0158-683x1024.jpg 683w, https:\/\/sandrinedelage.com\/wp-content\/uploads\/2025\/09\/20250815-DSCF0158-400x600.jpg 400w, https:\/\/sandrinedelage.com\/wp-content\/uploads\/2025\/09\/20250815-DSCF0158-768x1152.jpg 768w, https:\/\/sandrinedelage.com\/wp-content\/uploads\/2025\/09\/20250815-DSCF0158-1024x1536.jpg 1024w, https:\/\/sandrinedelage.com\/wp-content\/uploads\/2025\/09\/20250815-DSCF0158-1365x2048.jpg 1365w, https:\/\/sandrinedelage.com\/wp-content\/uploads\/2025\/09\/20250815-DSCF0158-scaled.jpg 1707w\" sizes=\"auto, (max-width: 683px) 100vw, 683px\" \/><\/figure>\n\n\n\n<figure class=\"wp-block-image size-large\"><img loading=\"lazy\" decoding=\"async\" width=\"1024\" height=\"683\" data-id=\"305903\" src=\"https:\/\/sandrinedelage.com\/wp-content\/uploads\/2025\/09\/20250815-DSCF0153-1024x683.jpg\" alt=\"\" class=\"wp-image-305903\" srcset=\"https:\/\/sandrinedelage.com\/wp-content\/uploads\/2025\/09\/20250815-DSCF0153-1024x683.jpg 1024w, https:\/\/sandrinedelage.com\/wp-content\/uploads\/2025\/09\/20250815-DSCF0153-600x400.jpg 600w, https:\/\/sandrinedelage.com\/wp-content\/uploads\/2025\/09\/20250815-DSCF0153-768x512.jpg 768w, https:\/\/sandrinedelage.com\/wp-content\/uploads\/2025\/09\/20250815-DSCF0153-1536x1024.jpg 1536w, https:\/\/sandrinedelage.com\/wp-content\/uploads\/2025\/09\/20250815-DSCF0153-2048x1365.jpg 2048w\" sizes=\"auto, (max-width: 1024px) 100vw, 1024px\" \/><\/figure>\n\n\n\n<figure class=\"wp-block-image size-large\"><img loading=\"lazy\" decoding=\"async\" width=\"683\" height=\"1024\" data-id=\"305900\" src=\"https:\/\/sandrinedelage.com\/wp-content\/uploads\/2025\/09\/20250815-DSCF0150-683x1024.jpg\" alt=\"\" class=\"wp-image-305900\" srcset=\"https:\/\/sandrinedelage.com\/wp-content\/uploads\/2025\/09\/20250815-DSCF0150-683x1024.jpg 683w, https:\/\/sandrinedelage.com\/wp-content\/uploads\/2025\/09\/20250815-DSCF0150-400x600.jpg 400w, https:\/\/sandrinedelage.com\/wp-content\/uploads\/2025\/09\/20250815-DSCF0150-768x1152.jpg 768w, https:\/\/sandrinedelage.com\/wp-content\/uploads\/2025\/09\/20250815-DSCF0150-1024x1536.jpg 1024w, https:\/\/sandrinedelage.com\/wp-content\/uploads\/2025\/09\/20250815-DSCF0150-1365x2048.jpg 1365w, https:\/\/sandrinedelage.com\/wp-content\/uploads\/2025\/09\/20250815-DSCF0150-scaled.jpg 1707w\" sizes=\"auto, (max-width: 683px) 100vw, 683px\" \/><\/figure>\n\n\n\n<figure class=\"wp-block-image size-large\"><img loading=\"lazy\" decoding=\"async\" width=\"683\" height=\"1024\" data-id=\"305909\" src=\"https:\/\/sandrinedelage.com\/wp-content\/uploads\/2025\/09\/20250815-DSCF0159-683x1024.jpg\" alt=\"\" class=\"wp-image-305909\" srcset=\"https:\/\/sandrinedelage.com\/wp-content\/uploads\/2025\/09\/20250815-DSCF0159-683x1024.jpg 683w, https:\/\/sandrinedelage.com\/wp-content\/uploads\/2025\/09\/20250815-DSCF0159-400x600.jpg 400w, https:\/\/sandrinedelage.com\/wp-content\/uploads\/2025\/09\/20250815-DSCF0159-768x1152.jpg 768w, https:\/\/sandrinedelage.com\/wp-content\/uploads\/2025\/09\/20250815-DSCF0159-1024x1536.jpg 1024w, https:\/\/sandrinedelage.com\/wp-content\/uploads\/2025\/09\/20250815-DSCF0159-1365x2048.jpg 1365w, https:\/\/sandrinedelage.com\/wp-content\/uploads\/2025\/09\/20250815-DSCF0159-scaled.jpg 1707w\" sizes=\"auto, (max-width: 683px) 100vw, 683px\" \/><\/figure>\n\n\n\n<figure class=\"wp-block-image size-large\"><img loading=\"lazy\" decoding=\"async\" width=\"1024\" height=\"684\" data-id=\"305910\" src=\"https:\/\/sandrinedelage.com\/wp-content\/uploads\/2025\/09\/20250902-DSCF0083-1024x684.jpg\" alt=\"\" class=\"wp-image-305910\" srcset=\"https:\/\/sandrinedelage.com\/wp-content\/uploads\/2025\/09\/20250902-DSCF0083-1024x684.jpg 1024w, https:\/\/sandrinedelage.com\/wp-content\/uploads\/2025\/09\/20250902-DSCF0083-600x401.jpg 600w, https:\/\/sandrinedelage.com\/wp-content\/uploads\/2025\/09\/20250902-DSCF0083-768x513.jpg 768w, https:\/\/sandrinedelage.com\/wp-content\/uploads\/2025\/09\/20250902-DSCF0083-1536x1026.jpg 1536w, https:\/\/sandrinedelage.com\/wp-content\/uploads\/2025\/09\/20250902-DSCF0083-2048x1368.jpg 2048w\" sizes=\"auto, (max-width: 1024px) 100vw, 1024px\" \/><\/figure>\n<\/figure>\n","protected":false},"excerpt":{"rendered":"<p>Sur la Plage Saint Michel, vous pouvez d\u00e9poser durant l&rsquo;\u00e9t\u00e9 votre petite cabine de bain d\u00e9montable, qui prendra place sur un des cent emplacements lou\u00e9s par l&rsquo;Office du tourisme de Batz sur Mer.Avec ses toitures \u00e0 une pente ou \u00e0 double pente, l&rsquo;ensemble des cabines respectent les m\u00eames r\u00e8gles : s&rsquo;attacher au rempart, avoir une [&hellip;]<\/p>\n","protected":false},"author":1,"featured_media":0,"parent":0,"menu_order":0,"comment_status":"closed","ping_status":"closed","template":"","meta":{"footnotes":""},"class_list":["post-305912","page","type-page","status-publish","hentry"],"_links":{"self":[{"href":"https:\/\/sandrinedelage.com\/index.php?rest_route=\/wp\/v2\/pages\/305912","targetHints":{"allow":["GET"]}}],"collection":[{"href":"https:\/\/sandrinedelage.com\/index.php?rest_route=\/wp\/v2\/pages"}],"about":[{"href":"https:\/\/sandrinedelage.com\/index.php?rest_route=\/wp\/v2\/types\/page"}],"author":[{"embeddable":true,"href":"https:\/\/sandrinedelage.com\/index.php?rest_route=\/wp\/v2\/users\/1"}],"replies":[{"embeddable":true,"href":"https:\/\/sandrinedelage.com\/index.php?rest_route=%2Fwp%2Fv2%2Fcomments&post=305912"}],"version-history":[{"count":5,"href":"https:\/\/sandrinedelage.com\/index.php?rest_route=\/wp\/v2\/pages\/305912\/revisions"}],"predecessor-version":[{"id":305921,"href":"https:\/\/sandrinedelage.com\/index.php?rest_route=\/wp\/v2\/pages\/305912\/revisions\/305921"}],"wp:attachment":[{"href":"https:\/\/sandrinedelage.com\/index.php?rest_route=%2Fwp%2Fv2%2Fmedia&parent=305912"}],"curies":[{"name":"wp","href":"https:\/\/api.w.org\/{rel}","templated":true}]}}